{"id":9146,"date":"2025-10-07T03:59:57","date_gmt":"2025-10-07T03:59:57","guid":{"rendered":"https:\/\/clinicprof.com\/privacy-policy\/"},"modified":"2025-11-02T19:15:11","modified_gmt":"2025-11-02T19:15:11","slug":"privacy-policy","status":"publish","type":"page","link":"https:\/\/clinicprof.com\/tr\/privacy-policy\/","title":{"rendered":"Gizlilik Politikas\u0131"},"content":{"rendered":"\t\t<div data-elementor-type=\"wp-page\" data-elementor-id=\"9146\" class=\"elementor elementor-9146 elementor-9089\" data-elementor-post-type=\"page\">\n\t\t\t\t<div class=\"elementor-element elementor-element-ef9b714 e-flex e-con-boxed e-con e-parent\" data-id=\"ef9b714\" data-element_type=\"container\" data-e-type=\"container\" data-settings=\"{&quot;jet_parallax_layout_list&quot;:[]}\">\n\t\t\t\t\t<div class=\"e-con-inner\">\n\t\t\t\t<div class=\"elementor-element elementor-element-4930cec elementor-icon-list--layout-inline elementor-list-item-link-full_width elementor-widget elementor-widget-icon-list\" data-id=\"4930cec\" data-element_type=\"widget\" data-e-type=\"widget\" data-widget_type=\"icon-list.default\">\n\t\t\t\t\t\t\t<ul class=\"elementor-icon-list-items elementor-inline-items\">\n\t\t\t\t\t\t\t<li class=\"elementor-icon-list-item elementor-inline-item\">\n\t\t\t\t\t\t\t\t\t\t\t<a href=\"https:\/\/clinicprof.com\/tr\/\">\n\n\t\t\t\t\t\t\t\t\t\t\t<span class=\"elementor-icon-list-text\">Ana sayfa<\/span>\n\t\t\t\t\t\t\t\t\t\t\t<\/a>\n\t\t\t\t\t\t\t\t\t<\/li>\n\t\t\t\t\t\t\t\t<li class=\"elementor-icon-list-item elementor-inline-item\">\n\t\t\t\t\t\t\t\t\t\t\t<span class=\"elementor-icon-list-icon\">\n\t\t\t\t\t\t\t<svg aria-hidden=\"true\" class=\"e-font-icon-svg e-fas-angle-right\" viewBox=\"0 0 256 512\" xmlns=\"http:\/\/www.w3.org\/2000\/svg\"><path d=\"M224.3 273l-136 136c-9.4 9.4-24.6 9.4-33.9 0l-22.6-22.6c-9.4-9.4-9.4-24.6 0-33.9l96.4-96.4-96.4-96.4c-9.4-9.4-9.4-24.6 0-33.9L54.3 103c9.4-9.4 24.6-9.4 33.9 0l136 136c9.5 9.4 9.5 24.6.1 34z\"><\/path><\/svg>\t\t\t\t\t\t<\/span>\n\t\t\t\t\t\t\t\t\t\t<span class=\"elementor-icon-list-text\"><\/span>\n\t\t\t\t\t\t\t\t\t<\/li>\n\t\t\t\t\t\t\t\t<li class=\"elementor-icon-list-item elementor-inline-item\">\n\t\t\t\t\t\t\t\t\t\t<span class=\"elementor-icon-list-text\"><\/span>\n\t\t\t\t\t\t\t\t\t<\/li>\n\t\t\t\t\t\t<\/ul>\n\t\t\t\t\t\t<\/div>\n\t\t<div class=\"elementor-element elementor-element-2d4c6b1 e-con-full e-flex e-con e-child\" data-id=\"2d4c6b1\" data-element_type=\"container\" data-e-type=\"container\" data-settings=\"{&quot;jet_parallax_layout_list&quot;:[]}\">\n\t\t<div class=\"elementor-element elementor-element-bde9e93 e-con-full e-flex e-con e-child\" data-id=\"bde9e93\" data-element_type=\"container\" data-e-type=\"container\" data-settings=\"{&quot;background_background&quot;:&quot;classic&quot;,&quot;jet_parallax_layout_list&quot;:[]}\">\n\t\t\t\t<div class=\"elementor-element elementor-element-03e048c span-in-heading elementor-widget elementor-widget-heading\" data-id=\"03e048c\" data-element_type=\"widget\" data-e-type=\"widget\" data-widget_type=\"heading.default\">\n\t\t\t\t\t<h2 class=\"elementor-heading-title elementor-size-default\">Gizlilik \n<span>Politikas\u0131<\/span><\/h2>\t\t\t\t<\/div>\n\t\t\t\t<div class=\"elementor-element elementor-element-64aae3b elementor-widget-divider--view-line elementor-widget elementor-widget-divider\" data-id=\"64aae3b\" data-element_type=\"widget\" data-e-type=\"widget\" data-widget_type=\"divider.default\">\n\t\t\t\t\t\t\t<div class=\"elementor-divider\">\n\t\t\t<span class=\"elementor-divider-separator\">\n\t\t\t\t\t\t<\/span>\n\t\t<\/div>\n\t\t\t\t\t\t<\/div>\n\t\t\t\t<div class=\"elementor-element elementor-element-690e787 elementor-widget elementor-widget-text-editor\" data-id=\"690e787\" data-element_type=\"widget\" data-e-type=\"widget\" data-widget_type=\"text-editor.default\">\n\t\t\t\t\t\t\t\t\t<h2>G\u0130R\u0130\u015e<\/h2> Prof-Clinic, ideal ko\u015fullar alt\u0131nda sa\u011fl\u0131k hizmeti almak isteyen ki\u015filere arac\u0131l\u0131k ve sa\u011fl\u0131k turizmi hizmetleri sunmaktad\u0131r. Prof-Clinic arac\u0131l\u0131\u011f\u0131yla sa\u011fl\u0131k hizmeti alan ki\u015filer ile Prof-Clinic aras\u0131ndaki ili\u015fkinin ko\u015fullar\u0131 ve taraflar\u0131n taahh\u00fctleri i\u015fbu s\u00f6zle\u015fme ile d\u00fczenlenmi\u015ftir. Prof-Clinic\u2019ten t\u0131bbi hizmet almak isteyen herkes bu s\u00f6zle\u015fmenin \u015fartlar\u0131n\u0131 kabul etmelidir. Bu s\u00f6zle\u015fmeyi kabul eden hasta adaylar\u0131, Prof-Clinic Sa\u011fl\u0131k Turizmi\u2019nin tedavi s\u00fcrecinde bu h\u00fck\u00fcmlerin uygulanmas\u0131na a\u00e7\u0131k\u00e7a onay vermi\u015f say\u0131l\u0131r. Bu \u015fartlar\u0131 kabul etmeyen ki\u015filer Prof-Clinic hizmetlerinden yararlanamayacakt\u0131r. <h2>EM\u0130N OLUN:<\/h2> <ul> <li>Bilginiz veya onay\u0131n\u0131z olmadan ki\u015fisel verileriniz taraf\u0131m\u0131zca toplanmayacakt\u0131r.<\/li> <li>Ki\u015fisel verileriniz, bu gizlilik politikas\u0131nda belirtilen durumlar d\u0131\u015f\u0131nda, \u00fc\u00e7\u00fcnc\u00fc ki\u015filerle isteyerek payla\u015f\u0131lmayacakt\u0131r.<\/li> <li>Ki\u015fisel verilerinizi incelemenize ve d\u00fczeltmenize izin verilecektir.<\/li> <li>Taraf\u0131n\u0131zdan sa\u011flanan t\u00fcm ki\u015fisel verilerin g\u00fcvenli\u011fini korumak i\u00e7in gerekli t\u00fcm makul \u00f6nlemler al\u0131nacakt\u0131r.<\/li> <li>Taraf\u0131n\u0131zdan sa\u011flanan ki\u015fisel verilerin gizlili\u011finin ihlal edildi\u011finden \u015f\u00fcphelenmemiz halinde sizi bilgilendirece\u011fiz.<\/li> <\/ul>\n\nGizlilik ve mahremiyet konusundaki endi\u015feleriniz bizim i\u00e7in \u00f6nceliklidir; bu nedenle, kendinizi g\u00fcvende hissetmeniz i\u00e7in en y\u00fcksek g\u00fcvenlik ve gizlilik standartlar\u0131n\u0131 sa\u011flamak amac\u0131yla bu politikay\u0131 olu\u015fturduk.\nBize bilgilerinizi g\u00f6ndererek size daha iyi hizmet sunabilir, \u00fccretsiz dan\u0131\u015fmanl\u0131k sa\u011flayabilir ve kampanyalar\u0131m\u0131z hakk\u0131nda sizi bilgilendirebiliriz. Bu ad\u0131m\u0131 att\u0131\u011f\u0131n\u0131zda bilgilerinizi bize emanet etmi\u015f olursunuz. Bu Gizlilik Politikas\u0131, verilerinizi neden toplad\u0131\u011f\u0131m\u0131z\u0131 ve bunlar\u0131 nas\u0131l kulland\u0131\u011f\u0131m\u0131z\u0131 anlaman\u0131za yard\u0131mc\u0131 olmak amac\u0131yla haz\u0131rlanm\u0131\u015ft\u0131r. Bu, hem sizin hem de bizim i\u00e7in \u00f6nemlidir; bu nedenle politikam\u0131z\u0131 dikkatlice okuman\u0131z\u0131 tavsiye ederiz. Bilgilerinizi nas\u0131l kulland\u0131\u011f\u0131m\u0131z konusunda net olman\u0131z\u0131 ve gizlili\u011finizi korumak i\u00e7in gerekli t\u00fcm \u00f6nlemleri ald\u0131\u011f\u0131m\u0131zdan emin olman\u0131z\u0131 isteriz.\n\n<h2>Gizlilik Politikam\u0131z a\u015fa\u011f\u0131dakileri a\u00e7\u0131klar:<\/h2> <h3>\u0130nternet Gezintisi:<\/h3> Bu web sitesi, cihaz\u0131n\u0131zdan \u00f6zel verilerinizi toplamak amac\u0131yla olu\u015fturulmam\u0131\u015ft\u0131r ve t\u00fcm bilgileriniz yaln\u0131zca bilginiz ve onay\u0131n\u0131z do\u011frultusunda kullan\u0131lacakt\u0131r. <h3>IP Adresiniz:<\/h3> Herhangi bir web sitesini, dahil olmak \u00fczere bizim sitemizi ziyaret etti\u011finizde, sunucu IP adresinizi, ziyaret tarih ve saatinizi, taray\u0131c\u0131n\u0131z\u0131 ve sizi Prof-Clinic web sitesine y\u00f6nlendiren URL\u2019yi kaydeder. <h3>Veri Analizi:<\/h3> Web sitemiz arac\u0131l\u0131\u011f\u0131yla baz\u0131 veri analizleri ger\u00e7ekle\u015ftirerek hizmetlerimizi de\u011ferlendirmek ve geli\u015ftirmek i\u00e7in \u00e7al\u0131\u015f\u0131yoruz. G\u00f6r\u00fc\u015fleriniz bizim i\u00e7in her zaman \u00f6nemlidir ve geri bildirim g\u00f6nderirken ki\u015fisel verilerinizi payla\u015fmama \u00f6zg\u00fcrl\u00fc\u011f\u00fcne sahipsiniz. <h3>Veri Gizlili\u011fi:<\/h3> Ki\u015fisel verileriniz her zaman g\u00fcvende olacakt\u0131r. Kullan\u0131c\u0131lar\u0131m\u0131z\u0131, ad, ileti\u015fim bilgileri ve foto\u011fraflar dahil olmak \u00fczere, yetkisiz eri\u015fim veya yetkisiz de\u011fi\u015fikliklere kar\u015f\u0131 korumak i\u00e7in titizlikle \u00e7al\u0131\u015f\u0131yoruz. <h3>Taleplerinizi \u0130\u015fleyebilmek \u0130\u00e7in Gerekli Veriler:<\/h3> Ki\u015fisel verilerinize ihtiya\u00e7 duydu\u011fumuzda, bu bilgileri sizden talep edece\u011fiz (\u00f6rne\u011fin taleplerinizi i\u015flemek veya sizinle ileti\u015fime ge\u00e7mek i\u00e7in gerekli olan veriler). \u00d6nceden yaz\u0131l\u0131 onay\u0131n\u0131z olmadan ki\u015fisel verilerinizi pazarlama amac\u0131yla \u00fc\u00e7\u00fcnc\u00fc ki\u015filere satmayaca\u011f\u0131m\u0131zdan emin olun. Ancak, kimli\u011fi belirlenemeyen toplu veriler istatistik veya ara\u015ft\u0131rma amac\u0131yla kullan\u0131labilir. <h3>\u0130leti\u015fim Bilgileriniz:<\/h3> Bilgileriniz gizli tutulacakt\u0131r. Web sitemiz arac\u0131l\u0131\u011f\u0131yla g\u00f6nderdi\u011finiz ba\u015fvurular, hizmetlerimizi geli\u015ftirmemize ve y\u00f6nlendirmemize yard\u0131mc\u0131 olur. Sa\u011flad\u0131\u011f\u0131n\u0131z bilgiler, size \u00fccretsiz dan\u0131\u015fmanl\u0131k sunmak, sorular\u0131n\u0131z\u0131 yan\u0131tlamak ve taleplerinizi web sitemiz veya alt siteleri arac\u0131l\u0131\u011f\u0131yla i\u015flemek i\u00e7in kullan\u0131lacakt\u0131r. <h3>Bilgi G\u00fcvenli\u011fi:<\/h3> Ki\u015fisel verileriniz yasal zorunluluklar d\u0131\u015f\u0131nda \u00fc\u00e7\u00fcnc\u00fc \u015fah\u0131slara sat\u0131lmaz veya pazarlanmaz. <h2>K\u0130\u015e\u0130SEL VER\u0130LER\u0130N KORUNMASI \u2014 AYDINLATMA VE ONAY METN\u0130<\/h2> <h3>Ki\u015fisel Verilerin Korunmas\u0131:<\/h3> 6698 Say\u0131l\u0131 Ki\u015fisel Verilerin Korunmas\u0131 Kanunu (\u201cKVKK\u201d) uyar\u0131nca, ger\u00e7ek bir ki\u015finin kimli\u011fini belirlemeye yarayan her t\u00fcrl\u00fc bilgi ki\u015fisel veri kapsam\u0131ndad\u0131r. A\u015fa\u011f\u0131da a\u00e7\u0131klanan ama\u00e7lar, yasal dayanaklar, toplama y\u00f6ntemleri, verilerin kimlerle hangi ama\u00e7la payla\u015f\u0131labilece\u011fi ve KVKK kapsam\u0131nda size tan\u0131nan haklar hakk\u0131nda **Prof-Clinic Sa\u011fl\u0131k Turizmi Ltd. \u015eti.** olarak sizi bilgilendirmek isteriz. <h3>Ki\u015fisel Verilerin Toplanma Y\u00f6ntemleri ve Hukuki Sebepleri:<\/h3> Prof-Clinic veri sorumlusu s\u0131fat\u0131yla; web sitesi, mobil uygulamalar, \u00e7a\u011fr\u0131 merkezi, ma\u011fazalar, sosyal medya kanallar\u0131, do\u011frudan veya yetkili ileti\u015fim kanallar\u0131 ve fiziksel kanallar arac\u0131l\u0131\u011f\u0131yla s\u00f6zl\u00fc, yaz\u0131l\u0131 veya elektronik y\u00f6ntemlerle ki\u015fisel verilerinizi toplar. Bu s\u00fcre\u00e7ler y\u00fcr\u00fcrl\u00fckteki mevzuat, s\u00f6zle\u015fmeler, talepler, ticari team\u00fcller ve d\u00fcr\u00fcstl\u00fck kurallar\u0131 \u00e7er\u00e7evesinde ger\u00e7ekle\u015ftirilir. Bu sayede size kaliteli hizmet sunma ve ticari faaliyetlerimizi y\u00fcr\u00fctme f\u0131rsat\u0131 elde ederiz.\n\nBu kapsamda ki\u015fisel ve sa\u011fl\u0131k verileriniz, Prof-Clinic veya onun ad\u0131na veri i\u015fleyen ger\u00e7ek veya t\u00fczel ki\u015filer taraf\u0131ndan a\u015fa\u011f\u0131daki y\u00f6ntemlerle toplanabilir:\n\n<ul> <li>Elektronik veya fiziksel olarak doldurdu\u011funuz \u00fcyelik formu,<\/li> <li>Web sitelerimize giri\u015f yapman\u0131za olanak tan\u0131yan sosyal a\u011flar,<\/li> <li>\u0130leti\u015fim formlar\u0131 (web sitemizde veya \u00fc\u00e7\u00fcnc\u00fc taraf sitelerde),<\/li> <li>Online al\u0131\u015fveri\u015f uygulamalar\u0131, kimli\u011finizi belirlemeye yarayan \u00e7erezler,<\/li> <li>Mobil uygulamalar\u0131m\u0131z, e-postalar, talepler, i\u015f emirleri, fakslar, mektuplar ve imzalad\u0131\u011f\u0131n\u0131z s\u00f6zle\u015fmeler,<\/li> <li>\u00dcyelik program\u0131 s\u00fcrecinin herhangi bir a\u015famas\u0131nda verileri i\u015fleyen \u00fc\u00e7\u00fcnc\u00fc taraf firmalar,<\/li> <li>M\u00fc\u015fteri hizmetleri kanallar\u0131m\u0131z (dijital pazarlama, \u00e7a\u011fr\u0131 merkezi, \u00e7al\u0131\u015fanlar\u0131m\u0131z vb.),<\/li> <li>Sosyal medya kanallar\u0131, Google gibi arama motorlar\u0131, kampanyalar, formlar, teklifler ve dan\u0131\u015fmanl\u0131k hizmet a\u011flar\u0131m\u0131z.<\/li> <\/ul>\n\nSizinle yap\u0131lan s\u00f6zle\u015fmenin kurulmas\u0131 veya ifas\u0131yla do\u011frudan ilgili olmas\u0131 kayd\u0131yla, s\u00f6zle\u015fmenin taraflar\u0131na ait ki\u015fisel verilerin i\u015flenmesi, KVKK Madde 5\/2(c) h\u00fckm\u00fc gere\u011fi a\u00e7\u0131k r\u0131zan\u0131z aranmaks\u0131z\u0131n i\u015flenebilir. Bunun d\u0131\u015f\u0131ndaki ki\u015fisel verileriniz, bu metni okuyup a\u00e7\u0131k r\u0131zan\u0131z\u0131 vermeniz halinde i\u015flenecektir.\n\n<h3>Ki\u015fisel Verilerin \u0130\u015flenmesi ve Ama\u00e7lar\u0131:<\/h3> Prof-Clinic olarak ki\u015fisel verilerinizi KVKK\u2019ya uygun \u015fekilde; kaydedebilir, saklayabilir, g\u00fcncelleyebilir, s\u0131n\u0131fland\u0131rabilir, gerekli s\u00fcre boyunca muhafaza edebilir ve gerekti\u011finde a\u015fa\u011f\u0131da belirtilen \u00fc\u00e7\u00fcnc\u00fc ki\u015filerle payla\u015fabiliriz. Verileriniz \u015fu ama\u00e7larla i\u015flenebilir: <ul> <li>M\u00fc\u015fterilerimizin hizmetlerimizden yararlanmas\u0131n\u0131 sa\u011flamak,<\/li> <li>Ticari ve pazarlama stratejilerimizi belirlemek ve geli\u015ftirmek,<\/li> <li>Kampanyalar\u0131m\u0131z hakk\u0131nda sizi bilgilendirmek,<\/li> <li>\u00d6neri ve \u015fikayetlerinizi kaydetmek,<\/li> <li>Sizi daha iyi tan\u0131yarak ihtiya\u00e7lar\u0131n\u0131za uygun hizmet sunmak,<\/li> <li>Reklam ve tan\u0131t\u0131m faaliyetlerini y\u00fcr\u00fctmek,<\/li> <li>Daha y\u00fcksek hizmet standartlar\u0131 olu\u015fturmak ve deneyiminizi iyile\u015ftirmek.<\/li> <\/ul> <h3>Ki\u015fisel Verilerin \u00dc\u00e7\u00fcnc\u00fc Ki\u015filere ve Yurt D\u0131\u015f\u0131na Aktar\u0131m\u0131:<\/h3> KVKK ve ilgili mevzuat kapsam\u0131nda gerekli g\u00fcvenlik \u00f6nlemleri al\u0131nmak \u015fart\u0131yla Prof-Clinic ki\u015fisel verilerinizi \u015fu \u015fekillerde payla\u015fabilir: <ul> <li>Grup \u015firketlerimiz, i\u015f ortaklar\u0131m\u0131z ve hizmet sa\u011flay\u0131c\u0131lar\u0131m\u0131zla,<\/li> <li>Kulland\u0131\u011f\u0131m\u0131z bilgi teknolojileri nedeniyle T\u00fcrkiye\u2019de veya yurt d\u0131\u015f\u0131nda bulunan sunucularla,<\/li> <li>Veri i\u015fleme hizmeti sa\u011flayan, m\u00fc\u015fteri memnuniyeti \u00f6l\u00e7\u00fcm\u00fc ve analiz deste\u011fi sunan \u00fc\u00e7\u00fcnc\u00fc taraf \u015firketlerle,<\/li> <li>Yasal zorunluluk halinde, verileri talep etmeye yetkili kamu kurum ve kurulu\u015flar\u0131yla.<\/li> <\/ul> <h3>Ki\u015fisel Veri Sahibinin KVKK Madde 11 Kapsam\u0131ndaki Haklar\u0131:<\/h3> Prof-Clinic, ilgili ki\u015filerin a\u015fa\u011f\u0131daki taleplerine yan\u0131t verecektir: <ul> <li>Ki\u015fisel verilerinin i\u015flenip i\u015flenmedi\u011fini \u00f6\u011frenme,<\/li> <li>\u0130\u015fleme faaliyetinin ama\u00e7lar\u0131n\u0131 \u00f6\u011frenme,<\/li> <li>Verilerin yurt i\u00e7inde veya yurt d\u0131\u015f\u0131nda aktar\u0131ld\u0131\u011f\u0131 \u00fc\u00e7\u00fcnc\u00fc ki\u015fileri bilme,<\/li> <li>Eksik veya yanl\u0131\u015f i\u015flenmi\u015f verilerin d\u00fczeltilmesini isteme,<\/li> <li>KVKK\u2019ya uygun olarak ki\u015fisel verilerin silinmesini veya yok edilmesini talep etme,<\/li> <li>D\u00fczeltme veya silme i\u015flemlerinin \u00fc\u00e7\u00fcnc\u00fc ki\u015filere bildirilmesini isteme,<\/li> <li>Yaln\u0131zca otomatik sistemler arac\u0131l\u0131\u011f\u0131yla analiz edilmesi sonucu aleyhine bir durum olu\u015fmas\u0131na itiraz etme,<\/li> <li>Ki\u015fisel verilerinin bir \u00f6rne\u011fini talep etme.<\/li> <\/ul> <h2>Bize Ula\u015f\u0131n:<\/h2> Her zaman bizimle ileti\u015fime ge\u00e7ebilirsiniz: <ul> <li>Telefon veya WhatsApp: <strong>+90 542 150 22 22<\/strong><\/li> <li>E-posta: <strong>info@clinicprof.com<\/strong><\/li> <\/ul>\n\nKi\u015fisel bilgilerinizin gizlili\u011fini, g\u00fcvenli\u011fini ve kontrol\u00fcn\u00fc korumak en b\u00fcy\u00fck \u00f6nceli\u011fimizdir.\t\t\t\t\t\t\t\t<\/div>\n\t\t\t\t<\/div>\n\t\t\t\t<\/div>\n\t\t\t\t\t<\/div>\n\t\t\t\t<\/div>\n\t\t\t\t<\/div>\n\t\t","protected":false},"excerpt":{"rendered":"<p>Ana sayfa Gizlilik Politikas\u0131 G\u0130R\u0130\u015e Prof-Clinic, ideal ko\u015fullar alt\u0131nda sa\u011fl\u0131k hizmeti almak isteyen ki\u015filere arac\u0131l\u0131k ve sa\u011fl\u0131k turizmi hizmetleri sunmaktad\u0131r. Prof-Clinic arac\u0131l\u0131\u011f\u0131yla sa\u011fl\u0131k hizmeti alan ki\u015filer ile Prof-Clinic aras\u0131ndaki ili\u015fkinin ko\u015fullar\u0131 ve taraflar\u0131n taahh\u00fctleri i\u015fbu s\u00f6zle\u015fme ile d\u00fczenlenmi\u015ftir. Prof-Clinic\u2019ten t\u0131bbi hizmet almak isteyen herkes bu s\u00f6zle\u015fmenin \u015fartlar\u0131n\u0131 kabul etmelidir. Bu s\u00f6zle\u015fmeyi kabul eden hasta adaylar\u0131, [&hellip;]<\/p>\n","protected":false},"author":1,"featured_media":0,"parent":0,"menu_order":0,"comment_status":"closed","ping_status":"closed","template":"","meta":{"footnotes":""},"class_list":["post-9146","page","type-page","status-publish","hentry"],"_links":{"self":[{"href":"https:\/\/clinicprof.com\/tr\/wp-json\/wp\/v2\/pages\/9146","targetHints":{"allow":["GET"]}}],"collection":[{"href":"https:\/\/clinicprof.com\/tr\/wp-json\/wp\/v2\/pages"}],"about":[{"href":"https:\/\/clinicprof.com\/tr\/wp-json\/wp\/v2\/types\/page"}],"author":[{"embeddable":true,"href":"https:\/\/clinicprof.com\/tr\/wp-json\/wp\/v2\/users\/1"}],"replies":[{"embeddable":true,"href":"https:\/\/clinicprof.com\/tr\/wp-json\/wp\/v2\/comments?post=9146"}],"version-history":[{"count":0,"href":"https:\/\/clinicprof.com\/tr\/wp-json\/wp\/v2\/pages\/9146\/revisions"}],"wp:attachment":[{"href":"https:\/\/clinicprof.com\/tr\/wp-json\/wp\/v2\/media?parent=9146"}],"curies":[{"name":"wp","href":"https:\/\/api.w.org\/{rel}","templated":true}]}}