{"id":7100,"date":"2025-08-29T06:58:26","date_gmt":"2025-08-29T06:58:26","guid":{"rendered":"https:\/\/clinicprof.com\/our-services\/"},"modified":"2025-11-02T16:29:33","modified_gmt":"2025-11-02T16:29:33","slug":"our-services","status":"publish","type":"page","link":"https:\/\/clinicprof.com\/tr\/our-services\/","title":{"rendered":"Hizmetler"},"content":{"rendered":"\t\t<div data-elementor-type=\"wp-page\" data-elementor-id=\"7100\" class=\"elementor elementor-7100 elementor-1622\" data-elementor-post-type=\"page\">\n\t\t\t\t<div class=\"elementor-element elementor-element-3f91427 e-flex e-con-boxed e-con e-parent\" data-id=\"3f91427\" data-element_type=\"container\" data-e-type=\"container\" data-settings=\"{&quot;jet_parallax_layout_list&quot;:[]}\">\n\t\t\t\t\t<div class=\"e-con-inner\">\n\t\t<div class=\"elementor-element elementor-element-3b6505e e-con-full e-flex e-con e-child\" data-id=\"3b6505e\" data-element_type=\"container\" data-e-type=\"container\" data-settings=\"{&quot;background_background&quot;:&quot;classic&quot;,&quot;jet_parallax_layout_list&quot;:[]}\">\n\t\t\t\t<div class=\"elementor-element elementor-element-38856e7 elementor-icon-list--layout-inline elementor-widget__width-auto elementor-list-item-link-full_width elementor-widget elementor-widget-icon-list\" data-id=\"38856e7\" data-element_type=\"widget\" data-e-type=\"widget\" data-widget_type=\"icon-list.default\">\n\t\t\t\t\t\t\t<ul class=\"elementor-icon-list-items elementor-inline-items\">\n\t\t\t\t\t\t\t<li class=\"elementor-icon-list-item elementor-inline-item\">\n\t\t\t\t\t\t\t\t\t\t\t<a href=\"https:\/\/clinicprof.com\/tr\/\">\n\n\t\t\t\t\t\t\t\t\t\t\t<span class=\"elementor-icon-list-text\">Ana Sayfa<\/span>\n\t\t\t\t\t\t\t\t\t\t\t<\/a>\n\t\t\t\t\t\t\t\t\t<\/li>\n\t\t\t\t\t\t\t\t<li class=\"elementor-icon-list-item elementor-inline-item\">\n\t\t\t\t\t\t\t\t\t\t\t<span class=\"elementor-icon-list-icon\">\n\t\t\t\t\t\t\t<svg aria-hidden=\"true\" class=\"e-font-icon-svg e-fas-angle-right\" viewBox=\"0 0 256 512\" xmlns=\"http:\/\/www.w3.org\/2000\/svg\"><path d=\"M224.3 273l-136 136c-9.4 9.4-24.6 9.4-33.9 0l-22.6-22.6c-9.4-9.4-9.4-24.6 0-33.9l96.4-96.4-96.4-96.4c-9.4-9.4-9.4-24.6 0-33.9L54.3 103c9.4-9.4 24.6-9.4 33.9 0l136 136c9.5 9.4 9.5 24.6.1 34z\"><\/path><\/svg>\t\t\t\t\t\t<\/span>\n\t\t\t\t\t\t\t\t\t\t<span class=\"elementor-icon-list-text\"><\/span>\n\t\t\t\t\t\t\t\t\t<\/li>\n\t\t\t\t\t\t\t\t<li class=\"elementor-icon-list-item elementor-inline-item\">\n\t\t\t\t\t\t\t\t\t\t<span class=\"elementor-icon-list-text\"><\/span>\n\t\t\t\t\t\t\t\t\t<\/li>\n\t\t\t\t\t\t<\/ul>\n\t\t\t\t\t\t<\/div>\n\t\t\t\t<div class=\"elementor-element elementor-element-8f135d1 elementor-widget__width-initial elementor-widget elementor-widget-heading\" data-id=\"8f135d1\" data-element_type=\"widget\" data-e-type=\"widget\" data-widget_type=\"heading.default\">\n\t\t\t\t\t<h1 class=\"elementor-heading-title elementor-size-default\">\u0130yile\u015ftirici r\u00f6tu\u015flar yap\u0131yoruz<\/h1>\t\t\t\t<\/div>\n\t\t\t\t<div class=\"elementor-element elementor-element-6c9e7db elementor-widget__width-initial elementor-widget elementor-widget-text-editor\" data-id=\"6c9e7db\" data-element_type=\"widget\" data-e-type=\"widget\" data-widget_type=\"text-editor.default\">\n\t\t\t\t\t\t\t\t\td\u00fcnya standartlar\u0131ndaki tedavilerle m\u00fcmk\u00fcn oldu\u011funca do\u011fal bir g\u00f6r\u00fcn\u00fcm\u00fc koruyan\t\t\t\t\t\t\t\t<\/div>\n\t\t\t\t<div class=\"elementor-element elementor-element-ede2601 elementor-align-left elementor-mobile-align-center white-blue elementor-widget elementor-widget-button\" data-id=\"ede2601\" data-element_type=\"widget\" data-e-type=\"widget\" data-widget_type=\"button.default\">\n\t\t\t\t\t\t\t\t\t\t<a class=\"elementor-button elementor-button-link elementor-size-sm\" href=\"https:\/\/clinicprof.com\/tr\/book-appoitment\/\">\n\t\t\t\t\t\t<span class=\"elementor-button-content-wrapper\">\n\t\t\t\t\t\t<span class=\"elementor-button-icon\">\n\t\t\t\t<svg xmlns=\"http:\/\/www.w3.org\/2000\/svg\" width=\"21\" height=\"21\" viewBox=\"0 0 21 21\" fill=\"none\"><path d=\"M14.507 3.14375V1.84375C14.507 1.50208 14.2237 1.21875 13.882 1.21875C13.5404 1.21875 13.257 1.50208 13.257 1.84375V3.09375H7.84036V1.84375C7.84036 1.50208 7.55703 1.21875 7.21536 1.21875C6.87369 1.21875 6.59036 1.50208 6.59036 1.84375V3.14375C4.34036 3.35208 3.24869 4.69375 3.08203 6.68542C3.06536 6.92708 3.26536 7.12708 3.49869 7.12708H17.5987C17.8404 7.12708 18.0404 6.91875 18.0154 6.68542C17.8487 4.69375 16.757 3.35208 14.507 3.14375Z\" fill=\"#002B3C\"><\/path><path d=\"M17.2153 8.37695H3.88192C3.42358 8.37695 3.04858 8.75195 3.04858 9.21029V14.3436C3.04858 16.8436 4.29858 18.5103 7.21525 18.5103H13.8819C16.7986 18.5103 18.0486 16.8436 18.0486 14.3436V9.21029C18.0486 8.75195 17.6736 8.37695 17.2153 8.37695ZM8.22358 15.352C8.18192 15.3853 8.14025 15.427 8.09858 15.452C8.04858 15.4853 7.99858 15.5103 7.94858 15.527C7.89858 15.552 7.84858 15.5686 7.79858 15.577C7.74025 15.5853 7.69025 15.5936 7.63192 15.5936C7.52358 15.5936 7.41525 15.5686 7.31525 15.527C7.20692 15.4853 7.12358 15.427 7.04025 15.352C6.89025 15.1936 6.79858 14.977 6.79858 14.7603C6.79858 14.5436 6.89025 14.327 7.04025 14.1686C7.12358 14.0936 7.20692 14.0353 7.31525 13.9936C7.46525 13.927 7.63192 13.9103 7.79858 13.9436C7.84858 13.952 7.89858 13.9686 7.94858 13.9936C7.99858 14.0103 8.04858 14.0353 8.09858 14.0686C8.14025 14.102 8.18192 14.1353 8.22358 14.1686C8.37358 14.327 8.46525 14.5436 8.46525 14.7603C8.46525 14.977 8.37358 15.1936 8.22358 15.352ZM8.22358 12.4353C8.06525 12.5853 7.84858 12.677 7.63192 12.677C7.41525 12.677 7.19858 12.5853 7.04025 12.4353C6.89025 12.277 6.79858 12.0603 6.79858 11.8436C6.79858 11.627 6.89025 11.4103 7.04025 11.252C7.27358 11.0186 7.64025 10.9436 7.94858 11.077C8.05692 11.1186 8.14858 11.177 8.22358 11.252C8.37358 11.4103 8.46525 11.627 8.46525 11.8436C8.46525 12.0603 8.37358 12.277 8.22358 12.4353ZM11.1403 15.352C10.9819 15.502 10.7653 15.5936 10.5486 15.5936C10.3319 15.5936 10.1153 15.502 9.95692 15.352C9.80692 15.1936 9.71525 14.977 9.71525 14.7603C9.71525 14.5436 9.80692 14.327 9.95692 14.1686C10.2653 13.8603 10.8319 13.8603 11.1403 14.1686C11.2903 14.327 11.3819 14.5436 11.3819 14.7603C11.3819 14.977 11.2903 15.1936 11.1403 15.352ZM11.1403 12.4353C11.0986 12.4686 11.0569 12.502 11.0153 12.5353C10.9653 12.5686 10.9153 12.5936 10.8653 12.6103C10.8153 12.6353 10.7653 12.652 10.7153 12.6603C10.6569 12.6686 10.6069 12.677 10.5486 12.677C10.3319 12.677 10.1153 12.5853 9.95692 12.4353C9.80692 12.277 9.71525 12.0603 9.71525 11.8436C9.71525 11.627 9.80692 11.4103 9.95692 11.252C10.0319 11.177 10.1236 11.1186 10.2319 11.077C10.5403 10.9436 10.9069 11.0186 11.1403 11.252C11.2903 11.4103 11.3819 11.627 11.3819 11.8436C11.3819 12.0603 11.2903 12.277 11.1403 12.4353ZM14.0569 15.352C13.8986 15.502 13.6819 15.5936 13.4653 15.5936C13.2486 15.5936 13.0319 15.502 12.8736 15.352C12.7236 15.1936 12.6319 14.977 12.6319 14.7603C12.6319 14.5436 12.7236 14.327 12.8736 14.1686C13.1819 13.8603 13.7486 13.8603 14.0569 14.1686C14.2069 14.327 14.2986 14.5436 14.2986 14.7603C14.2986 14.977 14.2069 15.1936 14.0569 15.352ZM14.0569 12.4353C14.0152 12.4686 13.9736 12.502 13.9319 12.5353C13.8819 12.5686 13.8319 12.5936 13.7819 12.6103C13.7319 12.6353 13.6819 12.652 13.6319 12.6603C13.5736 12.6686 13.5153 12.677 13.4653 12.677C13.2486 12.677 13.0319 12.5853 12.8736 12.4353C12.7236 12.277 12.6319 12.0603 12.6319 11.8436C12.6319 11.627 12.7236 11.4103 12.8736 11.252C12.9569 11.177 13.0403 11.1186 13.1486 11.077C13.2986 11.0103 13.4653 10.9936 13.6319 11.027C13.6819 11.0353 13.7319 11.052 13.7819 11.077C13.8319 11.0936 13.8819 11.1186 13.9319 11.152C13.9736 11.1853 14.0152 11.2186 14.0569 11.252C14.2069 11.4103 14.2986 11.627 14.2986 11.8436C14.2986 12.0603 14.2069 12.277 14.0569 12.4353Z\" fill=\"#002B3C\"><\/path><\/svg>\t\t\t<\/span>\n\t\t\t\t\t\t\t\t\t<span class=\"elementor-button-text\">Randevu Al\u0131n<\/span>\n\t\t\t\t\t<\/span>\n\t\t\t\t\t<\/a>\n\t\t\t\t\t\t\t\t<\/div>\n\t\t\t\t<\/div>\n\t\t\t\t\t<\/div>\n\t\t\t\t<\/div>\n\t\t<div class=\"elementor-element elementor-element-9459aa7 e-flex e-con-boxed e-con e-parent\" data-id=\"9459aa7\" data-element_type=\"container\" data-e-type=\"container\" data-settings=\"{&quot;jet_parallax_layout_list&quot;:[]}\">\n\t\t\t\t\t<div class=\"e-con-inner\">\n\t\t\t\t<div class=\"elementor-element elementor-element-70f0506 elementor-widget elementor-widget-jet-listing-grid\" data-id=\"70f0506\" data-element_type=\"widget\" data-e-type=\"widget\" data-settings=\"{&quot;columns&quot;:&quot;2&quot;,&quot;columns_mobile&quot;:&quot;1&quot;}\" data-widget_type=\"jet-listing-grid.default\">\n\t\t\t\t\t<div class=\"jet-listing-grid jet-listing\"><div class=\"jet-listing-grid__items grid-col-desk-2 grid-col-tablet-2 grid-col-mobile-1 jet-listing-grid--6153 grid-collapse-gap\" data-queried-id=\"7100|WP_Post\" data-nav=\"{&quot;enabled&quot;:false,&quot;type&quot;:null,&quot;more_el&quot;:null,&quot;query&quot;:[],&quot;widget_settings&quot;:{&quot;lisitng_id&quot;:6153,&quot;posts_num&quot;:4,&quot;columns&quot;:2,&quot;columns_tablet&quot;:2,&quot;columns_mobile&quot;:1,&quot;column_min_width&quot;:240,&quot;column_min_width_tablet&quot;:240,&quot;column_min_width_mobile&quot;:240,&quot;inline_columns_css&quot;:false,&quot;is_archive_template&quot;:&quot;&quot;,&quot;post_status&quot;:[&quot;publish&quot;],&quot;use_random_posts_num&quot;:&quot;&quot;,&quot;max_posts_num&quot;:9,&quot;not_found_message&quot;:&quot;Veri bulunamad\\u0131&quot;,&quot;is_masonry&quot;:false,&quot;equal_columns_height&quot;:&quot;&quot;,&quot;use_load_more&quot;:&quot;&quot;,&quot;load_more_id&quot;:&quot;&quot;,&quot;load_more_type&quot;:&quot;click&quot;,&quot;load_more_offset&quot;:{&quot;unit&quot;:&quot;px&quot;,&quot;size&quot;:0,&quot;sizes&quot;:[]},&quot;use_custom_post_types&quot;:&quot;&quot;,&quot;custom_post_types&quot;:[],&quot;hide_widget_if&quot;:&quot;&quot;,&quot;carousel_enabled&quot;:&quot;&quot;,&quot;slides_to_scroll&quot;:&quot;1&quot;,&quot;arrows&quot;:&quot;true&quot;,&quot;arrow_icon&quot;:&quot;fa fa-angle-left&quot;,&quot;dots&quot;:&quot;&quot;,&quot;autoplay&quot;:&quot;true&quot;,&quot;pause_on_hover&quot;:&quot;true&quot;,&quot;autoplay_speed&quot;:5000,&quot;infinite&quot;:&quot;true&quot;,&quot;center_mode&quot;:&quot;&quot;,&quot;effect&quot;:&quot;slide&quot;,&quot;speed&quot;:500,&quot;inject_alternative_items&quot;:&quot;&quot;,&quot;injection_items&quot;:[],&quot;scroll_slider_enabled&quot;:&quot;&quot;,&quot;scroll_slider_on&quot;:[&quot;desktop&quot;,&quot;tablet&quot;,&quot;mobile&quot;],&quot;custom_query&quot;:&quot;yes&quot;,&quot;custom_query_id&quot;:&quot;14&quot;,&quot;_element_id&quot;:&quot;&quot;,&quot;collapse_first_last_gap&quot;:&quot;true&quot;,&quot;list_tag_selection&quot;:&quot;&quot;,&quot;list_items_wrapper_tag&quot;:&quot;div&quot;,&quot;list_item_tag&quot;:&quot;div&quot;,&quot;empty_items_wrapper_tag&quot;:&quot;div&quot;}}\" data-page=\"1\" data-pages=\"1\" data-listing-source=\"query\" data-listing-id=\"6153\" data-query-id=\"14\"><div class=\"jet-listing-grid__item jet-listing-dynamic-post-6171\" data-post-id=\"6171\"  >\t\t<div data-elementor-type=\"jet-listing-items\" data-elementor-id=\"6153\" class=\"elementor elementor-6153 elementor-239 elementor-239\" data-elementor-post-type=\"jet-engine\">\n\t\t\t\t<div class=\"elementor-element elementor-element-7b36514 e-flex e-con-boxed e-con e-parent\" data-id=\"7b36514\" data-element_type=\"container\" data-e-type=\"container\" data-settings=\"{&quot;background_background&quot;:&quot;classic&quot;,&quot;jet_parallax_layout_list&quot;:[]}\">\n\t\t\t\t\t<div class=\"e-con-inner\">\n\t\t<div class=\"elementor-element elementor-element-5713d3e e-con-full e-flex e-con e-child\" data-id=\"5713d3e\" data-element_type=\"container\" data-e-type=\"container\" data-settings=\"{&quot;jet_parallax_layout_list&quot;:[]}\">\n\t\t\t\t<div class=\"elementor-element elementor-element-8b33243 elementor-widget elementor-widget-heading\" data-id=\"8b33243\" data-element_type=\"widget\" data-e-type=\"widget\" data-widget_type=\"heading.default\">\n\t\t\t\t\t<h3 class=\"elementor-heading-title elementor-size-default\">Di\u015f Tedavisi<\/h3>\t\t\t\t<\/div>\n\t\t\t\t<div class=\"elementor-element elementor-element-99db72b elementor-widget elementor-widget-text-editor\" data-id=\"99db72b\" data-element_type=\"widget\" data-e-type=\"widget\" data-widget_type=\"text-editor.default\">\n\t\t\t\t\t\t\t\t\t\u0130mplantlar, lamine kaplamalar, beyazlatma, zirkonya\/E-max.\t\t\t\t\t\t\t\t<\/div>\n\t\t\t\t<\/div>\n\t\t<div class=\"elementor-element elementor-element-a35c5ec e-con-full img-content e-flex e-con e-child\" data-id=\"a35c5ec\" data-element_type=\"container\" data-e-type=\"container\" data-settings=\"{&quot;background_background&quot;:&quot;classic&quot;,&quot;jet_parallax_layout_list&quot;:[]}\">\n\t\t<div class=\"elementor-element elementor-element-fdf396b e-con-full images e-flex e-con e-child\" data-id=\"fdf396b\" data-element_type=\"container\" data-e-type=\"container\" data-settings=\"{&quot;jet_parallax_layout_list&quot;:[]}\">\n\t\t\t\t<div class=\"elementor-element elementor-element-66e7d95 elementor-absolute image-back elementor-widget elementor-widget-image\" data-id=\"66e7d95\" data-element_type=\"widget\" data-e-type=\"widget\" data-settings=\"{&quot;_position&quot;:&quot;absolute&quot;}\" data-widget_type=\"image.default\">\n\t\t\t\t\t\t\t\t\t\t\t\t\t\t\t<img fetchpriority=\"high\" decoding=\"async\" width=\"600\" height=\"400\" src=\"https:\/\/clinicprof.com\/wp-content\/uploads\/2025\/08\/IMG_1699.webp\" class=\"attachment-large size-large wp-image-2844\" alt=\"\" srcset=\"https:\/\/clinicprof.com\/wp-content\/uploads\/2025\/08\/IMG_1699.webp 600w, https:\/\/clinicprof.com\/wp-content\/uploads\/2025\/08\/IMG_1699-300x200.webp 300w\" sizes=\"(max-width: 600px) 100vw, 600px\" \/>\t\t\t\t\t\t\t\t\t\t\t\t\t\t\t<\/div>\n\t\t\t\t<div class=\"elementor-element elementor-element-d71ada8 elementor-absolute image-front elementor-widget elementor-widget-image\" data-id=\"d71ada8\" data-element_type=\"widget\" data-e-type=\"widget\" data-settings=\"{&quot;_position&quot;:&quot;absolute&quot;}\" data-widget_type=\"image.default\">\n\t\t\t\t\t\t\t\t\t\t\t\t\t\t\t<img decoding=\"async\" width=\"600\" height=\"400\" src=\"https:\/\/clinicprof.com\/wp-content\/uploads\/2025\/08\/IMG_1683.webp\" class=\"attachment-large size-large wp-image-2845\" alt=\"\" srcset=\"https:\/\/clinicprof.com\/wp-content\/uploads\/2025\/08\/IMG_1683.webp 600w, https:\/\/clinicprof.com\/wp-content\/uploads\/2025\/08\/IMG_1683-300x200.webp 300w\" sizes=\"(max-width: 600px) 100vw, 600px\" \/>\t\t\t\t\t\t\t\t\t\t\t\t\t\t\t<\/div>\n\t\t<div class=\"elementor-element elementor-element-969057b e-con-full images-content e-flex e-con e-child\" data-id=\"969057b\" data-element_type=\"container\" data-e-type=\"container\" data-settings=\"{&quot;jet_parallax_layout_list&quot;:[]}\">\n\t\t<div class=\"elementor-element elementor-element-4bcfa03 e-con-full e-flex e-con e-child\" data-id=\"4bcfa03\" data-element_type=\"container\" data-e-type=\"container\" data-settings=\"{&quot;background_background&quot;:&quot;classic&quot;,&quot;jet_parallax_layout_list&quot;:[]}\">\n\t\t\t\t<div class=\"elementor-element elementor-element-a60a87a elementor-widget elementor-widget-text-editor\" data-id=\"a60a87a\" data-element_type=\"widget\" data-e-type=\"widget\" data-widget_type=\"text-editor.default\">\n\t\t\t\t\t\t\t\t\tDaha g\u00fczel bir g\u00fcl\u00fc\u015f i\u00e7in mi seyahat ediyorsunuz? \u0130stanbul\u2019daki di\u015f hekimlerimiz, hassas di\u015f implantlar\u0131 planlamak i\u00e7in 3D g\u00f6r\u00fcnt\u00fcleme kullan\u0131r ve dijital g\u00fcl\u00fc\u015f tasar\u0131m\u0131yla dengeli bir Hollywood g\u00fcl\u00fc\u015f\u00fc i\u00e7in ki\u015fiye \u00f6zel lamine kaplamalar (E-max veya zirkonya) haz\u0131rlar. Paketler; beyazlatma se\u00e7eneklerini, sorunsuz transferleri ve T\u00fcrkiye genelinde \u015feffaf fiyatland\u0131rmay\u0131 i\u00e7erir.\t\t\t\t\t\t\t\t<\/div>\n\t\t\t\t<\/div>\n\t\t\t\t<div class=\"elementor-element elementor-element-8a26b09 elementor-align-center elementor-widget elementor-widget-button\" data-id=\"8a26b09\" data-element_type=\"widget\" data-e-type=\"widget\" data-widget_type=\"button.default\">\n\t\t\t\t\t\t\t\t\t\t<a class=\"elementor-button elementor-button-link elementor-size-sm\" href=\"https:\/\/clinicprof.com\/tr\/services-prof\/dental-treatment\/\">\n\t\t\t\t\t\t<span class=\"elementor-button-content-wrapper\">\n\t\t\t\t\t\t\t\t\t<span class=\"elementor-button-text\">Daha Fazla G\u00f6r<\/span>\n\t\t\t\t\t<\/span>\n\t\t\t\t\t<\/a>\n\t\t\t\t\t\t\t\t<\/div>\n\t\t\t\t<\/div>\n\t\t\t\t<\/div>\n\t\t\t\t<\/div>\n\t\t\t\t\t<\/div>\n\t\t\t\t<\/div>\n\t\t\t\t<\/div>\n\t\t<\/div><div class=\"jet-listing-grid__item jet-listing-dynamic-post-6172\" data-post-id=\"6172\"  >\t\t<div data-elementor-type=\"jet-listing-items\" data-elementor-id=\"6153\" class=\"elementor elementor-6153 elementor-239 elementor-239\" data-elementor-post-type=\"jet-engine\">\n\t\t\t\t<div class=\"elementor-element elementor-element-7b36514 e-flex e-con-boxed e-con e-parent\" data-id=\"7b36514\" data-element_type=\"container\" data-e-type=\"container\" data-settings=\"{&quot;background_background&quot;:&quot;classic&quot;,&quot;jet_parallax_layout_list&quot;:[]}\">\n\t\t\t\t\t<div class=\"e-con-inner\">\n\t\t<div class=\"elementor-element elementor-element-5713d3e e-con-full e-flex e-con e-child\" data-id=\"5713d3e\" data-element_type=\"container\" data-e-type=\"container\" data-settings=\"{&quot;jet_parallax_layout_list&quot;:[]}\">\n\t\t\t\t<div class=\"elementor-element elementor-element-8b33243 elementor-widget elementor-widget-heading\" data-id=\"8b33243\" data-element_type=\"widget\" data-e-type=\"widget\" data-widget_type=\"heading.default\">\n\t\t\t\t\t<h3 class=\"elementor-heading-title elementor-size-default\">Sa\u00e7 Ekimi<\/h3>\t\t\t\t<\/div>\n\t\t\t\t<div class=\"elementor-element elementor-element-99db72b elementor-widget elementor-widget-text-editor\" data-id=\"99db72b\" data-element_type=\"widget\" data-e-type=\"widget\" data-widget_type=\"text-editor.default\">\n\t\t\t\t\t\t\t\t\tFUE, DHI &amp; Safir \u2014 do\u011fal yo\u011funluk, minimum iyile\u015fme s\u00fcresi.\t\t\t\t\t\t\t\t<\/div>\n\t\t\t\t<\/div>\n\t\t<div class=\"elementor-element elementor-element-a35c5ec e-con-full img-content e-flex e-con e-child\" data-id=\"a35c5ec\" data-element_type=\"container\" data-e-type=\"container\" data-settings=\"{&quot;background_background&quot;:&quot;classic&quot;,&quot;jet_parallax_layout_list&quot;:[]}\">\n\t\t<div class=\"elementor-element elementor-element-fdf396b e-con-full images e-flex e-con e-child\" data-id=\"fdf396b\" data-element_type=\"container\" data-e-type=\"container\" data-settings=\"{&quot;jet_parallax_layout_list&quot;:[]}\">\n\t\t\t\t<div class=\"elementor-element elementor-element-66e7d95 elementor-absolute image-back elementor-widget elementor-widget-image\" data-id=\"66e7d95\" data-element_type=\"widget\" data-e-type=\"widget\" data-settings=\"{&quot;_position&quot;:&quot;absolute&quot;}\" data-widget_type=\"image.default\">\n\t\t\t\t\t\t\t\t\t\t\t\t\t\t\t<img decoding=\"async\" width=\"600\" height=\"400\" src=\"https:\/\/clinicprof.com\/wp-content\/uploads\/2025\/08\/IMG_1677.webp\" class=\"attachment-large size-large wp-image-2847\" alt=\"\" srcset=\"https:\/\/clinicprof.com\/wp-content\/uploads\/2025\/08\/IMG_1677.webp 600w, https:\/\/clinicprof.com\/wp-content\/uploads\/2025\/08\/IMG_1677-300x200.webp 300w\" sizes=\"(max-width: 600px) 100vw, 600px\" \/>\t\t\t\t\t\t\t\t\t\t\t\t\t\t\t<\/div>\n\t\t\t\t<div class=\"elementor-element elementor-element-d71ada8 elementor-absolute image-front elementor-widget elementor-widget-image\" data-id=\"d71ada8\" data-element_type=\"widget\" data-e-type=\"widget\" data-settings=\"{&quot;_position&quot;:&quot;absolute&quot;}\" data-widget_type=\"image.default\">\n\t\t\t\t\t\t\t\t\t\t\t\t\t\t\t<img loading=\"lazy\" decoding=\"async\" width=\"600\" height=\"400\" src=\"https:\/\/clinicprof.com\/wp-content\/uploads\/2025\/08\/IMG_1739.webp\" class=\"attachment-large size-large wp-image-2846\" alt=\"\" srcset=\"https:\/\/clinicprof.com\/wp-content\/uploads\/2025\/08\/IMG_1739.webp 600w, https:\/\/clinicprof.com\/wp-content\/uploads\/2025\/08\/IMG_1739-300x200.webp 300w\" sizes=\"(max-width: 600px) 100vw, 600px\" \/>\t\t\t\t\t\t\t\t\t\t\t\t\t\t\t<\/div>\n\t\t<div class=\"elementor-element elementor-element-969057b e-con-full images-content e-flex e-con e-child\" data-id=\"969057b\" data-element_type=\"container\" data-e-type=\"container\" data-settings=\"{&quot;jet_parallax_layout_list&quot;:[]}\">\n\t\t<div class=\"elementor-element elementor-element-4bcfa03 e-con-full e-flex e-con e-child\" data-id=\"4bcfa03\" data-element_type=\"container\" data-e-type=\"container\" data-settings=\"{&quot;background_background&quot;:&quot;classic&quot;,&quot;jet_parallax_layout_list&quot;:[]}\">\n\t\t\t\t<div class=\"elementor-element elementor-element-a60a87a elementor-widget elementor-widget-text-editor\" data-id=\"a60a87a\" data-element_type=\"widget\" data-e-type=\"widget\" data-widget_type=\"text-editor.default\">\n\t\t\t\t\t\t\t\t\tT\u00fcrkiye\u2019de sa\u00e7 ekimi arayan bir\u00e7ok hasta, \u0130stanbul\u2019daki ekibimizi tercih ediyor. Yo\u011fun ve do\u011fal g\u00f6r\u00fcn\u00fcml\u00fc sa\u00e7 \u00e7izgileri olu\u015fturmak i\u00e7in FUE, DHI ve Safir mikro kesiler uyguluyoruz ve h\u0131zl\u0131 iyile\u015fme sa\u011fl\u0131yoruz \u2014 s\u0131kl\u0131kla \u201cFUE \u0130stanbul\u201d ve \u201cDHI \u0130stanbul\u201d olarak an\u0131lan tedavilerimiz, \u015feffaf paketler ve kapsaml\u0131 sonras\u0131 bak\u0131m ile sunulmaktad\u0131r.\t\t\t\t\t\t\t\t<\/div>\n\t\t\t\t<\/div>\n\t\t\t\t<div class=\"elementor-element elementor-element-8a26b09 elementor-align-center elementor-widget elementor-widget-button\" data-id=\"8a26b09\" data-element_type=\"widget\" data-e-type=\"widget\" data-widget_type=\"button.default\">\n\t\t\t\t\t\t\t\t\t\t<a class=\"elementor-button elementor-button-link elementor-size-sm\" href=\"https:\/\/clinicprof.com\/tr\/services-prof\/hair-transplant\/\">\n\t\t\t\t\t\t<span class=\"elementor-button-content-wrapper\">\n\t\t\t\t\t\t\t\t\t<span class=\"elementor-button-text\">Daha Fazla G\u00f6r<\/span>\n\t\t\t\t\t<\/span>\n\t\t\t\t\t<\/a>\n\t\t\t\t\t\t\t\t<\/div>\n\t\t\t\t<\/div>\n\t\t\t\t<\/div>\n\t\t\t\t<\/div>\n\t\t\t\t\t<\/div>\n\t\t\t\t<\/div>\n\t\t\t\t<\/div>\n\t\t<\/div><\/div><\/div>\t\t\t\t<\/div>\n\t\t\t\t\t<\/div>\n\t\t\t\t<\/div>\n\t\t\t\t<\/div>\n\t\t","protected":false},"excerpt":{"rendered":"<p>Ana Sayfa \u0130yile\u015ftirici r\u00f6tu\u015flar yap\u0131yoruz d\u00fcnya standartlar\u0131ndaki tedavilerle m\u00fcmk\u00fcn oldu\u011funca do\u011fal bir g\u00f6r\u00fcn\u00fcm\u00fc koruyan Randevu Al\u0131n Daha Fazla G\u00f6r Daha Fazla G\u00f6r<\/p>\n","protected":false},"author":1,"featured_media":0,"parent":0,"menu_order":0,"comment_status":"closed","ping_status":"closed","template":"","meta":{"footnotes":""},"class_list":["post-7100","page","type-page","status-publish","hentry"],"_links":{"self":[{"href":"https:\/\/clinicprof.com\/tr\/wp-json\/wp\/v2\/pages\/7100","targetHints":{"allow":["GET"]}}],"collection":[{"href":"https:\/\/clinicprof.com\/tr\/wp-json\/wp\/v2\/pages"}],"about":[{"href":"https:\/\/clinicprof.com\/tr\/wp-json\/wp\/v2\/types\/page"}],"author":[{"embeddable":true,"href":"https:\/\/clinicprof.com\/tr\/wp-json\/wp\/v2\/users\/1"}],"replies":[{"embeddable":true,"href":"https:\/\/clinicprof.com\/tr\/wp-json\/wp\/v2\/comments?post=7100"}],"version-history":[{"count":0,"href":"https:\/\/clinicprof.com\/tr\/wp-json\/wp\/v2\/pages\/7100\/revisions"}],"wp:attachment":[{"href":"https:\/\/clinicprof.com\/tr\/wp-json\/wp\/v2\/media?parent=7100"}],"curies":[{"name":"wp","href":"https:\/\/api.w.org\/{rel}","templated":true}]}}