{"id":7065,"date":"2025-08-22T09:27:18","date_gmt":"2025-08-22T09:27:18","guid":{"rendered":"https:\/\/clinicprof.com\/contact-us\/"},"modified":"2025-11-02T16:25:16","modified_gmt":"2025-11-02T16:25:16","slug":"contact-us","status":"publish","type":"page","link":"https:\/\/clinicprof.com\/tr\/contact-us\/","title":{"rendered":"Bize Ula\u015f\u0131n"},"content":{"rendered":"\t\t<div data-elementor-type=\"wp-page\" data-elementor-id=\"7065\" class=\"elementor elementor-7065 elementor-927\" data-elementor-post-type=\"page\">\n\t\t\t\t<div class=\"elementor-element elementor-element-a272c98 e-flex e-con-boxed e-con e-parent\" data-id=\"a272c98\" data-element_type=\"container\" data-e-type=\"container\" data-settings=\"{&quot;jet_parallax_layout_list&quot;:[]}\">\n\t\t\t\t\t<div class=\"e-con-inner\">\n\t\t<div class=\"elementor-element elementor-element-d8d2b45 e-con-full e-flex e-con e-child\" data-id=\"d8d2b45\" data-element_type=\"container\" data-e-type=\"container\" data-settings=\"{&quot;background_background&quot;:&quot;classic&quot;,&quot;jet_parallax_layout_list&quot;:[]}\">\n\t\t\t\t<div class=\"elementor-element elementor-element-1df7d1c elementor-icon-list--layout-inline elementor-widget__width-auto elementor-list-item-link-full_width elementor-widget elementor-widget-icon-list\" data-id=\"1df7d1c\" data-element_type=\"widget\" data-e-type=\"widget\" data-widget_type=\"icon-list.default\">\n\t\t\t\t\t\t\t<ul class=\"elementor-icon-list-items elementor-inline-items\">\n\t\t\t\t\t\t\t<li class=\"elementor-icon-list-item elementor-inline-item\">\n\t\t\t\t\t\t\t\t\t\t\t<a href=\"https:\/\/clinicprof.com\/tr\/\">\n\n\t\t\t\t\t\t\t\t\t\t\t<span class=\"elementor-icon-list-text\">Ana Sayfa<\/span>\n\t\t\t\t\t\t\t\t\t\t\t<\/a>\n\t\t\t\t\t\t\t\t\t<\/li>\n\t\t\t\t\t\t\t\t<li class=\"elementor-icon-list-item elementor-inline-item\">\n\t\t\t\t\t\t\t\t\t\t\t<span class=\"elementor-icon-list-icon\">\n\t\t\t\t\t\t\t<svg aria-hidden=\"true\" class=\"e-font-icon-svg e-fas-angle-right\" viewBox=\"0 0 256 512\" xmlns=\"http:\/\/www.w3.org\/2000\/svg\"><path d=\"M224.3 273l-136 136c-9.4 9.4-24.6 9.4-33.9 0l-22.6-22.6c-9.4-9.4-9.4-24.6 0-33.9l96.4-96.4-96.4-96.4c-9.4-9.4-9.4-24.6 0-33.9L54.3 103c9.4-9.4 24.6-9.4 33.9 0l136 136c9.5 9.4 9.5 24.6.1 34z\"><\/path><\/svg>\t\t\t\t\t\t<\/span>\n\t\t\t\t\t\t\t\t\t\t<span class=\"elementor-icon-list-text\"><\/span>\n\t\t\t\t\t\t\t\t\t<\/li>\n\t\t\t\t\t\t\t\t<li class=\"elementor-icon-list-item elementor-inline-item\">\n\t\t\t\t\t\t\t\t\t\t<span class=\"elementor-icon-list-text\"><\/span>\n\t\t\t\t\t\t\t\t\t<\/li>\n\t\t\t\t\t\t<\/ul>\n\t\t\t\t\t\t<\/div>\n\t\t\t\t<div class=\"elementor-element elementor-element-79ab650 elementor-widget elementor-widget-heading\" data-id=\"79ab650\" data-element_type=\"widget\" data-e-type=\"widget\" data-widget_type=\"heading.default\">\n\t\t\t\t\t<h1 class=\"elementor-heading-title elementor-size-default\">D\u00f6n\u00fc\u015f\u00fcm\u00fcn\u00fcze Ba\u015flay\u0131n: Bug\u00fcn Prof Clinic ile \u0130leti\u015fime Ge\u00e7in<\/h1>\t\t\t\t<\/div>\n\t\t\t\t<div class=\"elementor-element elementor-element-e4114d7 elementor-widget__width-initial elementor-widget elementor-widget-text-editor\" data-id=\"e4114d7\" data-element_type=\"widget\" data-e-type=\"widget\" data-widget_type=\"text-editor.default\">\n\t\t\t\t\t\t\t\t\t<p>Daha parlak bir g\u00fcl\u00fc\u015fe, do\u011fal g\u00f6r\u00fcn\u00fcml\u00fc sa\u00e7lara ve yenilenmi\u015f \u00f6zg\u00fcvene do\u011fru ilk ad\u0131m\u0131 atmaya haz\u0131r m\u0131s\u0131n\u0131z? Ekibimiz, t\u00fcm sorular\u0131n\u0131z\u0131 yan\u0131tlamak ve her ad\u0131mda size rehberlik etmek i\u00e7in burada.<\/p>\t\t\t\t\t\t\t\t<\/div>\n\t\t\t\t<div class=\"elementor-element elementor-element-75ff41d elementor-align-left elementor-mobile-align-center white-blue elementor-widget elementor-widget-button\" data-id=\"75ff41d\" data-element_type=\"widget\" data-e-type=\"widget\" data-widget_type=\"button.default\">\n\t\t\t\t\t\t\t\t\t\t<a class=\"elementor-button elementor-button-link elementor-size-sm\" href=\"https:\/\/clinicprof.com\/tr\/book-appoitment\/\">\n\t\t\t\t\t\t<span class=\"elementor-button-content-wrapper\">\n\t\t\t\t\t\t<span class=\"elementor-button-icon\">\n\t\t\t\t<svg xmlns=\"http:\/\/www.w3.org\/2000\/svg\" width=\"17\" height=\"17\" viewBox=\"0 0 17 17\" fill=\"none\"><path d=\"M8.11512 10.5432L6.88179 11.7766C6.62179 12.0366 6.20845 12.0366 5.94179 11.7832C5.86845 11.7099 5.79512 11.6432 5.72179 11.5699C5.03512 10.8766 4.41512 10.1499 3.86179 9.38991C3.31512 8.62991 2.87512 7.86991 2.55512 7.11658C2.24179 6.35658 2.08179 5.62991 2.08179 4.93658C2.08179 4.48325 2.16179 4.04991 2.32179 3.64991C2.48179 3.24325 2.73512 2.86991 3.08845 2.53658C3.51512 2.11658 3.98179 1.90991 4.47512 1.90991C4.66179 1.90991 4.84845 1.94991 5.01512 2.02991C5.18845 2.10991 5.34179 2.22991 5.46179 2.40325L7.00845 4.58325C7.12845 4.74991 7.21512 4.90325 7.27512 5.04991C7.33512 5.18991 7.36845 5.32991 7.36845 5.45658C7.36845 5.61658 7.32179 5.77658 7.22845 5.92991C7.14179 6.08325 7.01512 6.24325 6.85512 6.40325L6.34845 6.92991C6.27512 7.00325 6.24179 7.08991 6.24179 7.19658C6.24179 7.24991 6.24845 7.29658 6.26179 7.34991C6.28179 7.40325 6.30179 7.44325 6.31512 7.48325C6.43512 7.70325 6.64179 7.98991 6.93512 8.33658C7.23512 8.68325 7.55512 9.03658 7.90179 9.38991C7.96845 9.45658 8.04179 9.52325 8.10845 9.58991C8.37512 9.84991 8.38179 10.2766 8.11512 10.5432Z\" fill=\"#002B3C\"><\/path><path d=\"M15.3953 12.796C15.3953 12.9827 15.362 13.176 15.2953 13.3627C15.2753 13.416 15.2553 13.4694 15.2287 13.5227C15.1153 13.7627 14.9687 13.9894 14.7753 14.2027C14.4487 14.5627 14.0887 14.8227 13.682 14.9894C13.6753 14.9894 13.6687 14.996 13.662 14.996C13.2687 15.156 12.842 15.2427 12.382 15.2427C11.702 15.2427 10.9753 15.0827 10.2087 14.756C9.44201 14.4294 8.67535 13.9894 7.91535 13.436C7.65535 13.2427 7.39535 13.0494 7.14868 12.8427L9.32868 10.6627C9.51535 10.8027 9.68201 10.9094 9.82201 10.9827C9.85535 10.996 9.89535 11.016 9.94201 11.036C9.99535 11.056 10.0487 11.0627 10.1087 11.0627C10.222 11.0627 10.3087 11.0227 10.382 10.9494L10.8887 10.4494C11.0553 10.2827 11.2153 10.156 11.3687 10.076C11.522 9.9827 11.6753 9.93604 11.842 9.93604C11.9687 9.93604 12.102 9.9627 12.2487 10.0227C12.3953 10.0827 12.5487 10.1694 12.7153 10.2827L14.922 11.8494C15.0953 11.9694 15.2153 12.1094 15.2887 12.276C15.3553 12.4427 15.3953 12.6094 15.3953 12.796Z\" fill=\"#002B3C\"><\/path><\/svg>\t\t\t<\/span>\n\t\t\t\t\t\t\t\t\t<span class=\"elementor-button-text\">Randevunuzu Planlay\u0131n<\/span>\n\t\t\t\t\t<\/span>\n\t\t\t\t\t<\/a>\n\t\t\t\t\t\t\t\t<\/div>\n\t\t\t\t<\/div>\n\t\t\t\t\t<\/div>\n\t\t\t\t<\/div>\n\t\t<div class=\"elementor-element elementor-element-f88180c e-flex e-con-boxed e-con e-parent\" data-id=\"f88180c\" data-element_type=\"container\" data-e-type=\"container\" data-settings=\"{&quot;jet_parallax_layout_list&quot;:[]}\">\n\t\t\t\t\t<div class=\"e-con-inner\">\n\t\t<div class=\"elementor-element elementor-element-3d1d0f7 e-con-full e-flex e-con e-child\" data-id=\"3d1d0f7\" data-element_type=\"container\" data-e-type=\"container\" data-settings=\"{&quot;background_background&quot;:&quot;classic&quot;,&quot;jet_parallax_layout_list&quot;:[]}\">\n\t\t\t\t<div class=\"elementor-element elementor-element-26158ea elementor-widget elementor-widget-heading\" data-id=\"26158ea\" data-element_type=\"widget\" data-e-type=\"widget\" data-widget_type=\"heading.default\">\n\t\t\t\t\t<h2 class=\"elementor-heading-title elementor-size-default\">Her yerden bize ula\u015f\u0131n<\/h2>\t\t\t\t<\/div>\n\t\t\t\t<div class=\"elementor-element elementor-element-bdc3984 elementor-widget elementor-widget-text-editor\" data-id=\"bdc3984\" data-element_type=\"widget\" data-e-type=\"widget\" data-widget_type=\"text-editor.default\">\n\t\t\t\t\t\t\t\t\tNerede olursan\u0131z olun, dan\u0131\u015fmanl\u0131ktan tedaviye kadar s\u00fcrecinizi kolayla\u015ft\u0131r\u0131yoruz.\t\t\t\t\t\t\t\t<\/div>\n\t\t\t\t<div class=\"elementor-element elementor-element-1642 elementor-shape-rounded elementor-grid-0 elementor-widget elementor-widget-global elementor-global-1642 elementor-widget-social-icons\" data-id=\"1642\" data-element_type=\"widget\" data-e-type=\"widget\" data-widget_type=\"social-icons.default\">\n\t\t\t\t\t\t\t<div class=\"elementor-social-icons-wrapper elementor-grid\" role=\"list\">\n\t\t\t\t\t\t\t<span class=\"elementor-grid-item\" role=\"listitem\">\n\t\t\t\t\t<a class=\"elementor-icon elementor-social-icon elementor-social-icon-facebook-f elementor-repeater-item-38ff356\" href=\"https:\/\/www.facebook.com\/profclinic.istanbul\/\" target=\"_blank\" rel=\"noopener\">\n\t\t\t\t\t\t<span class=\"elementor-screen-only\">Facebook-f<\/span>\n\t\t\t\t\t\t<svg aria-hidden=\"true\" class=\"e-font-icon-svg e-fab-facebook-f\" viewBox=\"0 0 320 512\" xmlns=\"http:\/\/www.w3.org\/2000\/svg\"><path d=\"M279.14 288l14.22-92.66h-88.91v-60.13c0-25.35 12.42-50.06 52.24-50.06h40.42V6.26S260.43 0 225.36 0c-73.22 0-121.08 44.38-121.08 124.72v70.62H22.89V288h81.39v224h100.17V288z\"><\/path><\/svg>\t\t\t\t\t<\/a>\n\t\t\t\t<\/span>\n\t\t\t\t\t\t\t<span class=\"elementor-grid-item\" role=\"listitem\">\n\t\t\t\t\t<a class=\"elementor-icon elementor-social-icon elementor-social-icon-linkedin-in elementor-repeater-item-3358a8d\" href=\"https:\/\/tr.linkedin.com\/company\/prof-clinic\" target=\"_blank\" rel=\"noopener\">\n\t\t\t\t\t\t<span class=\"elementor-screen-only\">Linkedin-in<\/span>\n\t\t\t\t\t\t<svg aria-hidden=\"true\" class=\"e-font-icon-svg e-fab-linkedin-in\" viewBox=\"0 0 448 512\" xmlns=\"http:\/\/www.w3.org\/2000\/svg\"><path d=\"M100.28 448H7.4V148.9h92.88zM53.79 108.1C24.09 108.1 0 83.5 0 53.8a53.79 53.79 0 0 1 107.58 0c0 29.7-24.1 54.3-53.79 54.3zM447.9 448h-92.68V302.4c0-34.7-.7-79.2-48.29-79.2-48.29 0-55.69 37.7-55.69 76.7V448h-92.78V148.9h89.08v40.8h1.3c12.4-23.5 42.69-48.3 87.88-48.3 94 0 111.28 61.9 111.28 142.3V448z\"><\/path><\/svg>\t\t\t\t\t<\/a>\n\t\t\t\t<\/span>\n\t\t\t\t\t\t\t<span class=\"elementor-grid-item\" role=\"listitem\">\n\t\t\t\t\t<a class=\"elementor-icon elementor-social-icon elementor-social-icon-instagram elementor-repeater-item-8d13be8\" href=\"https:\/\/www.instagram.com\/profclinicglobal.tr\/?hl=en\" target=\"_blank\" rel=\"noopener\">\n\t\t\t\t\t\t<span class=\"elementor-screen-only\">Instagram<\/span>\n\t\t\t\t\t\t<svg aria-hidden=\"true\" class=\"e-font-icon-svg e-fab-instagram\" viewBox=\"0 0 448 512\" xmlns=\"http:\/\/www.w3.org\/2000\/svg\"><path d=\"M224.1 141c-63.6 0-114.9 51.3-114.9 114.9s51.3 114.9 114.9 114.9S339 319.5 339 255.9 287.7 141 224.1 141zm0 189.6c-41.1 0-74.7-33.5-74.7-74.7s33.5-74.7 74.7-74.7 74.7 33.5 74.7 74.7-33.6 74.7-74.7 74.7zm146.4-194.3c0 14.9-12 26.8-26.8 26.8-14.9 0-26.8-12-26.8-26.8s12-26.8 26.8-26.8 26.8 12 26.8 26.8zm76.1 27.2c-1.7-35.9-9.9-67.7-36.2-93.9-26.2-26.2-58-34.4-93.9-36.2-37-2.1-147.9-2.1-184.9 0-35.8 1.7-67.6 9.9-93.9 36.1s-34.4 58-36.2 93.9c-2.1 37-2.1 147.9 0 184.9 1.7 35.9 9.9 67.7 36.2 93.9s58 34.4 93.9 36.2c37 2.1 147.9 2.1 184.9 0 35.9-1.7 67.7-9.9 93.9-36.2 26.2-26.2 34.4-58 36.2-93.9 2.1-37 2.1-147.8 0-184.8zM398.8 388c-7.8 19.6-22.9 34.7-42.6 42.6-29.5 11.7-99.5 9-132.1 9s-102.7 2.6-132.1-9c-19.6-7.8-34.7-22.9-42.6-42.6-11.7-29.5-9-99.5-9-132.1s-2.6-102.7 9-132.1c7.8-19.6 22.9-34.7 42.6-42.6 29.5-11.7 99.5-9 132.1-9s102.7-2.6 132.1 9c19.6 7.8 34.7 22.9 42.6 42.6 11.7 29.5 9 99.5 9 132.1s2.7 102.7-9 132.1z\"><\/path><\/svg>\t\t\t\t\t<\/a>\n\t\t\t\t<\/span>\n\t\t\t\t\t<\/div>\n\t\t\t\t\t\t<\/div>\n\t\t\t\t<div class=\"elementor-element elementor-element-07ed66b elementor-widget elementor-widget-image\" data-id=\"07ed66b\" data-element_type=\"widget\" data-e-type=\"widget\" data-widget_type=\"image.default\">\n\t\t\t\t\t\t\t\t\t\t\t\t\t\t\t<img fetchpriority=\"high\" decoding=\"async\" width=\"479\" height=\"320\" src=\"https:\/\/clinicprof.com\/wp-content\/uploads\/2025\/08\/Component-2.png\" class=\"attachment-large size-large wp-image-3232\" alt=\"\" srcset=\"https:\/\/clinicprof.com\/wp-content\/uploads\/2025\/08\/Component-2.png 479w, https:\/\/clinicprof.com\/wp-content\/uploads\/2025\/08\/Component-2-300x200.png 300w\" sizes=\"(max-width: 479px) 100vw, 479px\" \/>\t\t\t\t\t\t\t\t\t\t\t\t\t\t\t<\/div>\n\t\t\t\t<div class=\"elementor-element elementor-element-75c3780 elementor-icon-list--layout-traditional elementor-list-item-link-full_width elementor-widget elementor-widget-icon-list\" data-id=\"75c3780\" data-element_type=\"widget\" data-e-type=\"widget\" data-widget_type=\"icon-list.default\">\n\t\t\t\t\t\t\t<ul class=\"elementor-icon-list-items\">\n\t\t\t\t\t\t\t<li class=\"elementor-icon-list-item\">\n\t\t\t\t\t\t\t\t\t\t\t<span class=\"elementor-icon-list-icon\">\n\t\t\t\t\t\t\t<svg xmlns=\"http:\/\/www.w3.org\/2000\/svg\" width=\"30\" height=\"31\" viewBox=\"0 0 30 31\" fill=\"none\"><rect y=\"0.549805\" width=\"30\" height=\"30\" rx=\"15\" fill=\"#F6F9FA\" fill-opacity=\"0.2\"><\/rect><path d=\"M20.9386 12.993C20.2386 9.91303 17.552 8.52637 15.192 8.52637C15.192 8.52637 15.192 8.52637 15.1853 8.52637C12.832 8.52637 10.1386 9.90637 9.43862 12.9864C8.65862 16.4264 10.7653 19.3397 12.672 21.173C13.3786 21.853 14.2853 22.193 15.192 22.193C16.0986 22.193 17.0053 21.853 17.7053 21.173C19.612 19.3397 21.7186 16.433 20.9386 12.993ZM15.192 16.333C14.032 16.333 13.092 15.393 13.092 14.233C13.092 13.073 14.032 12.133 15.192 12.133C16.352 12.133 17.292 13.073 17.292 14.233C17.292 15.393 16.352 16.333 15.192 16.333Z\" fill=\"white\"><\/path><\/svg>\t\t\t\t\t\t<\/span>\n\t\t\t\t\t\t\t\t\t\t<span class=\"elementor-icon-list-text\">\u0130leti\u015fim Bilgileri \u00c7OBAN\u00c7E\u015eME MAH. SANAY\u0130 CAD. NISH RESIDENCE A BLOK. BAH\u00c7EL\u0130EVLER\/ \u0130STANBUL<\/span>\n\t\t\t\t\t\t\t\t\t<\/li>\n\t\t\t\t\t\t\t\t<li class=\"elementor-icon-list-item\">\n\t\t\t\t\t\t\t\t\t\t\t<a href=\"tel:90542150%202222\">\n\n\t\t\t\t\t\t\t\t\t\t\t\t<span class=\"elementor-icon-list-icon\">\n\t\t\t\t\t\t\t<svg xmlns=\"http:\/\/www.w3.org\/2000\/svg\" width=\"30\" height=\"31\" viewBox=\"0 0 30 31\" fill=\"none\"><rect y=\"0.549805\" width=\"30\" height=\"30\" rx=\"15\" fill=\"#F6F9FA\" fill-opacity=\"0.2\"><\/rect><path d=\"M14.5477 17.3257L13.3144 18.559C13.0544 18.819 12.6411 18.819 12.3744 18.5657C12.3011 18.4924 12.2277 18.4257 12.1544 18.3524C11.4677 17.659 10.8477 16.9324 10.2944 16.1724C9.74774 15.4124 9.30774 14.6524 8.98774 13.899C8.6744 13.1391 8.5144 12.4124 8.5144 11.719C8.5144 11.2657 8.5944 10.8324 8.7544 10.4324C8.9144 10.0257 9.16774 9.65238 9.52107 9.31905C9.94774 8.89905 10.4144 8.69238 10.9077 8.69238C11.0944 8.69238 11.2811 8.73238 11.4477 8.81238C11.6211 8.89238 11.7744 9.01238 11.8944 9.18572L13.4411 11.3657C13.5611 11.5324 13.6477 11.6857 13.7077 11.8324C13.7677 11.9724 13.8011 12.1124 13.8011 12.239C13.8011 12.399 13.7544 12.559 13.6611 12.7124C13.5744 12.8657 13.4477 13.0257 13.2877 13.1857L12.7811 13.7124C12.7077 13.7857 12.6744 13.8724 12.6744 13.979C12.6744 14.0324 12.6811 14.079 12.6944 14.1324C12.7144 14.1857 12.7344 14.2257 12.7477 14.2657C12.8677 14.4857 13.0744 14.7724 13.3677 15.1191C13.6677 15.4657 13.9877 15.819 14.3344 16.1724C14.4011 16.239 14.4744 16.3057 14.5411 16.3724C14.8077 16.6324 14.8144 17.059 14.5477 17.3257Z\" fill=\"white\"><\/path><path d=\"M21.828 19.5787C21.828 19.7654 21.7946 19.9588 21.728 20.1454C21.708 20.1988 21.688 20.2521 21.6613 20.3054C21.548 20.5454 21.4013 20.7721 21.208 20.9854C20.8813 21.3454 20.5213 21.6054 20.1146 21.7721C20.108 21.7721 20.1013 21.7787 20.0946 21.7787C19.7013 21.9387 19.2746 22.0254 18.8146 22.0254C18.1346 22.0254 17.408 21.8654 16.6413 21.5388C15.8746 21.2121 15.108 20.7721 14.348 20.2188C14.088 20.0254 13.828 19.8321 13.5813 19.6254L15.7613 17.4454C15.948 17.5854 16.1146 17.6921 16.2546 17.7654C16.288 17.7787 16.328 17.7987 16.3746 17.8187C16.428 17.8387 16.4813 17.8454 16.5413 17.8454C16.6546 17.8454 16.7413 17.8054 16.8146 17.7321L17.3213 17.2321C17.488 17.0654 17.648 16.9388 17.8013 16.8588C17.9546 16.7654 18.108 16.7188 18.2746 16.7188C18.4013 16.7188 18.5346 16.7454 18.6813 16.8054C18.828 16.8654 18.9813 16.9521 19.148 17.0654L21.3546 18.6321C21.528 18.7521 21.648 18.8921 21.7213 19.0587C21.788 19.2254 21.828 19.3921 21.828 19.5787Z\" fill=\"white\"><\/path><\/svg>\t\t\t\t\t\t<\/span>\n\t\t\t\t\t\t\t\t\t\t<span class=\"elementor-icon-list-text\">(+90) 542 150 2222<\/span>\n\t\t\t\t\t\t\t\t\t\t\t<\/a>\n\t\t\t\t\t\t\t\t\t<\/li>\n\t\t\t\t\t\t\t\t<li class=\"elementor-icon-list-item\">\n\t\t\t\t\t\t\t\t\t\t\t<a href=\"mailto:info@clinicprof.com\">\n\n\t\t\t\t\t\t\t\t\t\t\t\t<span class=\"elementor-icon-list-icon\">\n\t\t\t\t\t\t\t<svg xmlns=\"http:\/\/www.w3.org\/2000\/svg\" width=\"30\" height=\"31\" viewBox=\"0 0 30 31\" fill=\"none\"><rect y=\"0.549805\" width=\"30\" height=\"30\" rx=\"15\" fill=\"#F6F9FA\" fill-opacity=\"0.2\"><\/rect><path d=\"M18.5085 9.69238H11.8419C9.84188 9.69238 8.50854 10.6924 8.50854 13.0257V17.6924C8.50854 20.0257 9.84188 21.0257 11.8419 21.0257H18.5085C20.5085 21.0257 21.8419 20.0257 21.8419 17.6924V13.0257C21.8419 10.6924 20.5085 9.69238 18.5085 9.69238ZM18.8219 13.7524L16.7352 15.419C16.2952 15.7724 15.7352 15.9457 15.1752 15.9457C14.6152 15.9457 14.0485 15.7724 13.6152 15.419L11.5285 13.7524C11.3152 13.579 11.2819 13.259 11.4485 13.0457C11.6219 12.8324 11.9352 12.7924 12.1485 12.9657L14.2352 14.6324C14.7419 15.039 15.6019 15.039 16.1085 14.6324L18.1952 12.9657C18.4085 12.7924 18.7285 12.8257 18.8952 13.0457C19.0685 13.259 19.0352 13.579 18.8219 13.7524Z\" fill=\"white\"><\/path><\/svg>\t\t\t\t\t\t<\/span>\n\t\t\t\t\t\t\t\t\t\t<span class=\"elementor-icon-list-text\">info@clinicprof.com<\/span>\n\t\t\t\t\t\t\t\t\t\t\t<\/a>\n\t\t\t\t\t\t\t\t\t<\/li>\n\t\t\t\t\t\t<\/ul>\n\t\t\t\t\t\t<\/div>\n\t\t\t\t<\/div>\n\t\t<div class=\"elementor-element elementor-element-31e86e1 e-con-full e-flex e-con e-child\" data-id=\"31e86e1\" data-element_type=\"container\" data-e-type=\"container\" data-settings=\"{&quot;jet_parallax_layout_list&quot;:[]}\">\n\t\t\t\t<div class=\"elementor-element elementor-element-0667b2f elementor-position-inline-start elementor-mobile-position-inline-start elementor-view-default elementor-widget elementor-widget-icon-box\" data-id=\"0667b2f\" data-element_type=\"widget\" data-e-type=\"widget\" data-widget_type=\"icon-box.default\">\n\t\t\t\t\t\t\t<div class=\"elementor-icon-box-wrapper\">\n\n\t\t\t\t\t\t<div class=\"elementor-icon-box-icon\">\n\t\t\t\t<span  class=\"elementor-icon\">\n\t\t\t\t<svg xmlns=\"http:\/\/www.w3.org\/2000\/svg\" width=\"12\" height=\"13\" viewBox=\"0 0 12 13\" fill=\"none\"><g clip-path=\"url(#clip0_2697_8547)\"><g clip-path=\"url(#clip1_2697_8547)\"><path d=\"M12 6.06108C7.01299 6.62212 6.57662 7.08965 6.01558 12.0767C5.45455 7.08965 4.98701 6.62212 0 6.06108C4.98701 5.50004 5.45455 5.06367 6.01558 0.0766602C6.57662 5.06367 7.01299 5.50004 12 6.06108Z\" fill=\"#29B6DA\"><\/path><\/g><\/g><defs><clipPath id=\"clip0_2697_8547\"><rect width=\"12\" height=\"12\" fill=\"white\" transform=\"translate(0 0.0766602)\"><\/rect><\/clipPath><clipPath id=\"clip1_2697_8547\"><rect width=\"12\" height=\"12\" fill=\"white\" transform=\"translate(0 0.0766602)\"><\/rect><\/clipPath><\/defs><\/svg>\t\t\t\t<\/span>\n\t\t\t<\/div>\n\t\t\t\n\t\t\t\t\t\t<div class=\"elementor-icon-box-content\">\n\n\t\t\t\t\t\t\t\t\t<div class=\"elementor-icon-box-title\">\n\t\t\t\t\t\t<span  >\n\t\t\t\t\t\t\tBizimle \u0130leti\u015fime Ge\u00e7in\t\t\t\t\t\t<\/span>\n\t\t\t\t\t<\/div>\n\t\t\t\t\n\t\t\t\t\n\t\t\t<\/div>\n\t\t\t\n\t\t<\/div>\n\t\t\t\t\t\t<\/div>\n\t\t\t\t<div class=\"elementor-element elementor-element-9e34b3a span-in-heading elementor-widget elementor-widget-heading\" data-id=\"9e34b3a\" data-element_type=\"widget\" data-e-type=\"widget\" data-widget_type=\"heading.default\">\n\t\t\t\t\t<h2 class=\"elementor-heading-title elementor-size-default\">Sadece <span>bize ula\u015f\u0131n<\/span>, ard\u0131ndan Prof Clinic\u2019in ayr\u0131cal\u0131klar\u0131n\u0131 ya\u015fay\u0131n.<\/h2>\t\t\t\t<\/div>\n\t\t\t\t<div class=\"elementor-element elementor-element-5f95562 elementor-widget elementor-widget-text-editor\" data-id=\"5f95562\" data-element_type=\"widget\" data-e-type=\"widget\" data-widget_type=\"text-editor.default\">\n\t\t\t\t\t\t\t\t\tSizin i\u00e7in her \u015feyi biz ayarlayaca\u011f\u0131z.\t\t\t\t\t\t\t\t<\/div>\n\t\t\t\t<div class=\"elementor-element elementor-element-57ad001 elementor-button-align-start elementor-widget elementor-widget-form\" data-id=\"57ad001\" data-element_type=\"widget\" data-e-type=\"widget\" data-settings=\"{&quot;step_next_label&quot;:&quot;Next&quot;,&quot;step_previous_label&quot;:&quot;Previous&quot;,&quot;button_width&quot;:&quot;100&quot;,&quot;step_type&quot;:&quot;number_text&quot;,&quot;step_icon_shape&quot;:&quot;circle&quot;}\" data-widget_type=\"form.default\">\n\t\t\t\t\t\t\t<form class=\"elementor-form\" method=\"post\" name=\"New Form\" aria-label=\"New Form\">\n\t\t\t<input type=\"hidden\" name=\"post_id\" value=\"7065\"\/>\n\t\t\t<input type=\"hidden\" name=\"form_id\" value=\"57ad001\"\/>\n\t\t\t<input type=\"hidden\" name=\"referer_title\" value=\"Bizimle \u0130leti\u015fime Ge\u00e7in | Prof Clinic T\u00fcrkiye\" \/>\n\n\t\t\t\t\t\t\t<input type=\"hidden\" name=\"queried_id\" value=\"7065\"\/>\n\t\t\t\n\t\t\t<div class=\"elementor-form-fields-wrapper elementor-labels-above\">\n\t\t\t\t\t\t\t\t<div class=\"elementor-field-type-text elementor-field-group elementor-column elementor-field-group-name elementor-col-100\">\n\t\t\t\t\t\t\t\t\t\t\t\t<label for=\"form-field-name\" class=\"elementor-field-label\">\n\t\t\t\t\t\t\t\tAd Soyad\t\t\t\t\t\t\t<\/label>\n\t\t\t\t\t\t\t\t\t\t\t\t\t\t<input size=\"1\" type=\"text\" name=\"form_fields[name]\" id=\"form-field-name\" class=\"elementor-field elementor-size-lg  elementor-field-textual\" placeholder=\"Ad Soyad\">\n\t\t\t\t\t\t\t\t\t\t\t<\/div>\n\t\t\t\t\t\t\t\t<div class=\"elementor-field-type-telephone elementor-field-group elementor-column elementor-field-group-phone elementor-col-100\">\n\t\t\t\t\t\t\t\t\t\t\t\t<label for=\"form-field-phone\" class=\"elementor-field-label\">\n\t\t\t\t\t\t\t\tTelefon Numaras\u0131\t\t\t\t\t\t\t<\/label>\n\t\t\t\t\t\t\t\t<input dir=\"ltr\" type=\"text\" name=\"change_name_phone\" id=\"form-field-phone\" class=\"elementor-field elementor-size-lg  elementor-field-telephone elementor-field-textual yee-ltr\" data-pre=\"us|gb\" data-excludeCountries=\"\" data-onlyct=\"\" data-defcountry=\"us\" data-hide_flag=\"\" data-hide_code=\"\" data-validation=\"yes\" data-name=\"phone\" data-telephone_search=\"\" >\n\t\t<input onkeydown=\"return \/[0-9]|\\(|\\)|\\+|-|BACKSPACE\/i.test(event.key)\" type=\"hidden\" class=\"phone_check\" name=\"form_fields[phone_check]\" value=\"\" >\n\t\t\t\t\t\t<\/div>\n\t\t\t\t\t\t\t\t<div class=\"elementor-field-type-email elementor-field-group elementor-column elementor-field-group-email elementor-col-100 elementor-field-required\">\n\t\t\t\t\t\t\t\t\t\t\t\t<label for=\"form-field-email\" class=\"elementor-field-label\">\n\t\t\t\t\t\t\t\tE-posta\t\t\t\t\t\t\t<\/label>\n\t\t\t\t\t\t\t\t\t\t\t\t\t\t<input size=\"1\" type=\"email\" name=\"form_fields[email]\" id=\"form-field-email\" class=\"elementor-field elementor-size-lg  elementor-field-textual\" placeholder=\"Example@gmail.com\" required=\"required\">\n\t\t\t\t\t\t\t\t\t\t\t<\/div>\n\t\t\t\t\t\t\t\t<div class=\"elementor-field-group elementor-column elementor-field-type-submit elementor-col-100 e-form__buttons\">\n\t\t\t\t\t<button class=\"elementor-button elementor-size-md\" type=\"submit\">\n\t\t\t\t\t\t<span class=\"elementor-button-content-wrapper\">\n\t\t\t\t\t\t\t\t\t\t\t\t\t\t\t\t\t\t\t\t\t\t<span class=\"elementor-button-text\">Hemen Bize Ula\u015f\u0131n<\/span>\n\t\t\t\t\t\t\t\t\t\t\t\t\t<\/span>\n\t\t\t\t\t<\/button>\n\t\t\t\t<\/div>\n\t\t\t<\/div>\n\t\t<\/form>\n\t\t\t\t\t\t<\/div>\n\t\t\t\t<\/div>\n\t\t\t\t\t<\/div>\n\t\t\t\t<\/div>\n\t\t<div class=\"elementor-element elementor-element-fd4ac6b e-flex e-con-boxed e-con e-parent\" data-id=\"fd4ac6b\" data-element_type=\"container\" data-e-type=\"container\" data-settings=\"{&quot;jet_parallax_layout_list&quot;:[]}\">\n\t\t\t\t\t<div class=\"e-con-inner\">\n\t\t\t\t<div class=\"elementor-element elementor-element-3c6e5b4 elementor-widget elementor-widget-google_maps\" data-id=\"3c6e5b4\" data-element_type=\"widget\" data-e-type=\"widget\" data-widget_type=\"google_maps.default\">\n\t\t\t\t\t\t\t<div class=\"elementor-custom-embed\">\n\t\t\t<iframe loading=\"lazy\"\n\t\t\t\t\tsrc=\"https:\/\/maps.google.com\/maps?q=ntact%20Information%20%C3%87OBAN%C3%87E%C5%9EME%20MAH.%20SANAY%C4%B0%20CAD.%20NISH%20RESIDENCE%20A%20BLOK.%20BAH%C3%87EL%C4%B0EVLER%2F%20%C4%B0STANBUL&#038;t=m&#038;z=10&#038;output=embed&#038;iwloc=near\"\n\t\t\t\t\ttitle=\"ntact Information \u00c7OBAN\u00c7E\u015eME MAH. SANAY\u0130 CAD. NISH RESIDENCE A BLOK. BAH\u00c7EL\u0130EVLER\/ \u0130STANBUL\"\n\t\t\t\t\taria-label=\"ntact Information \u00c7OBAN\u00c7E\u015eME MAH. SANAY\u0130 CAD. NISH RESIDENCE A BLOK. BAH\u00c7EL\u0130EVLER\/ \u0130STANBUL\"\n\t\t\t><\/iframe>\n\t\t<\/div>\n\t\t\t\t\t\t<\/div>\n\t\t\t\t\t<\/div>\n\t\t\t\t<\/div>\n\t\t\t\t<\/div>\n\t\t","protected":false},"excerpt":{"rendered":"<p>Ana Sayfa D\u00f6n\u00fc\u015f\u00fcm\u00fcn\u00fcze Ba\u015flay\u0131n: Bug\u00fcn Prof Clinic ile \u0130leti\u015fime Ge\u00e7in Daha parlak bir g\u00fcl\u00fc\u015fe, do\u011fal g\u00f6r\u00fcn\u00fcml\u00fc sa\u00e7lara ve yenilenmi\u015f \u00f6zg\u00fcvene do\u011fru ilk ad\u0131m\u0131 atmaya haz\u0131r m\u0131s\u0131n\u0131z? Ekibimiz, t\u00fcm sorular\u0131n\u0131z\u0131 yan\u0131tlamak ve her ad\u0131mda size rehberlik etmek i\u00e7in burada. Randevunuzu Planlay\u0131n Her yerden bize ula\u015f\u0131n Nerede olursan\u0131z olun, dan\u0131\u015fmanl\u0131ktan tedaviye kadar s\u00fcrecinizi kolayla\u015ft\u0131r\u0131yoruz. Facebook-f X-twitter Instagram [&hellip;]<\/p>\n","protected":false},"author":1,"featured_media":0,"parent":0,"menu_order":0,"comment_status":"closed","ping_status":"closed","template":"","meta":{"footnotes":""},"class_list":["post-7065","page","type-page","status-publish","hentry"],"_links":{"self":[{"href":"https:\/\/clinicprof.com\/tr\/wp-json\/wp\/v2\/pages\/7065","targetHints":{"allow":["GET"]}}],"collection":[{"href":"https:\/\/clinicprof.com\/tr\/wp-json\/wp\/v2\/pages"}],"about":[{"href":"https:\/\/clinicprof.com\/tr\/wp-json\/wp\/v2\/types\/page"}],"author":[{"embeddable":true,"href":"https:\/\/clinicprof.com\/tr\/wp-json\/wp\/v2\/users\/1"}],"replies":[{"embeddable":true,"href":"https:\/\/clinicprof.com\/tr\/wp-json\/wp\/v2\/comments?post=7065"}],"version-history":[{"count":0,"href":"https:\/\/clinicprof.com\/tr\/wp-json\/wp\/v2\/pages\/7065\/revisions"}],"wp:attachment":[{"href":"https:\/\/clinicprof.com\/tr\/wp-json\/wp\/v2\/media?parent=7065"}],"curies":[{"name":"wp","href":"https:\/\/api.w.org\/{rel}","templated":true}]}}