{"id":9121,"date":"2025-10-07T04:14:06","date_gmt":"2025-10-07T04:14:06","guid":{"rendered":"https:\/\/clinicprof.com\/terms-and-conditions\/"},"modified":"2025-11-02T19:36:39","modified_gmt":"2025-11-02T19:36:39","slug":"terms-and-conditions","status":"publish","type":"page","link":"https:\/\/clinicprof.com\/fr\/terms-and-conditions\/","title":{"rendered":"Conditions g\u00e9n\u00e9rales"},"content":{"rendered":"\t\t<div data-elementor-type=\"wp-page\" data-elementor-id=\"9121\" class=\"elementor elementor-9121 elementor-9095\" data-elementor-post-type=\"page\">\n\t\t\t\t<div class=\"elementor-element elementor-element-ef9b714 e-flex e-con-boxed e-con e-parent\" data-id=\"ef9b714\" data-element_type=\"container\" data-e-type=\"container\" data-settings=\"{&quot;jet_parallax_layout_list&quot;:[]}\">\n\t\t\t\t\t<div class=\"e-con-inner\">\n\t\t\t\t<div class=\"elementor-element elementor-element-4930cec elementor-icon-list--layout-inline elementor-list-item-link-full_width elementor-widget elementor-widget-icon-list\" data-id=\"4930cec\" data-element_type=\"widget\" data-e-type=\"widget\" data-widget_type=\"icon-list.default\">\n\t\t\t\t\t\t\t<ul class=\"elementor-icon-list-items elementor-inline-items\">\n\t\t\t\t\t\t\t<li class=\"elementor-icon-list-item elementor-inline-item\">\n\t\t\t\t\t\t\t\t\t\t\t<a href=\"https:\/\/clinicprof.com\/fr\/\">\n\n\t\t\t\t\t\t\t\t\t\t\t<span class=\"elementor-icon-list-text\">Accueil<\/span>\n\t\t\t\t\t\t\t\t\t\t\t<\/a>\n\t\t\t\t\t\t\t\t\t<\/li>\n\t\t\t\t\t\t\t\t<li class=\"elementor-icon-list-item elementor-inline-item\">\n\t\t\t\t\t\t\t\t\t\t\t<span class=\"elementor-icon-list-icon\">\n\t\t\t\t\t\t\t<svg aria-hidden=\"true\" class=\"e-font-icon-svg e-fas-angle-right\" viewBox=\"0 0 256 512\" xmlns=\"http:\/\/www.w3.org\/2000\/svg\"><path d=\"M224.3 273l-136 136c-9.4 9.4-24.6 9.4-33.9 0l-22.6-22.6c-9.4-9.4-9.4-24.6 0-33.9l96.4-96.4-96.4-96.4c-9.4-9.4-9.4-24.6 0-33.9L54.3 103c9.4-9.4 24.6-9.4 33.9 0l136 136c9.5 9.4 9.5 24.6.1 34z\"><\/path><\/svg>\t\t\t\t\t\t<\/span>\n\t\t\t\t\t\t\t\t\t\t<span class=\"elementor-icon-list-text\"><\/span>\n\t\t\t\t\t\t\t\t\t<\/li>\n\t\t\t\t\t\t\t\t<li class=\"elementor-icon-list-item elementor-inline-item\">\n\t\t\t\t\t\t\t\t\t\t<span class=\"elementor-icon-list-text\"><\/span>\n\t\t\t\t\t\t\t\t\t<\/li>\n\t\t\t\t\t\t<\/ul>\n\t\t\t\t\t\t<\/div>\n\t\t<div class=\"elementor-element elementor-element-2d4c6b1 e-con-full e-flex e-con e-child\" data-id=\"2d4c6b1\" data-element_type=\"container\" data-e-type=\"container\" data-settings=\"{&quot;jet_parallax_layout_list&quot;:[]}\">\n\t\t<div class=\"elementor-element elementor-element-bde9e93 e-con-full e-flex e-con e-child\" data-id=\"bde9e93\" data-element_type=\"container\" data-e-type=\"container\" data-settings=\"{&quot;background_background&quot;:&quot;classic&quot;,&quot;jet_parallax_layout_list&quot;:[]}\">\n\t\t\t\t<div class=\"elementor-element elementor-element-03e048c span-in-heading elementor-widget elementor-widget-heading\" data-id=\"03e048c\" data-element_type=\"widget\" data-e-type=\"widget\" data-widget_type=\"heading.default\">\n\t\t\t\t\t<h2 class=\"elementor-heading-title elementor-size-default\">Conditions <span>g\u00e9n\u00e9rales<\/span><\/h2>\t\t\t\t<\/div>\n\t\t\t\t<div class=\"elementor-element elementor-element-64aae3b elementor-widget-divider--view-line elementor-widget elementor-widget-divider\" data-id=\"64aae3b\" data-element_type=\"widget\" data-e-type=\"widget\" data-widget_type=\"divider.default\">\n\t\t\t\t\t\t\t<div class=\"elementor-divider\">\n\t\t\t<span class=\"elementor-divider-separator\">\n\t\t\t\t\t\t<\/span>\n\t\t<\/div>\n\t\t\t\t\t\t<\/div>\n\t\t\t\t<div class=\"elementor-element elementor-element-690e787 elementor-widget elementor-widget-text-editor\" data-id=\"690e787\" data-element_type=\"widget\" data-e-type=\"widget\" data-widget_type=\"text-editor.default\">\n\t\t\t\t\t\t\t\t\t<h2>INTRODUCTION<\/h2><p>Prof Clinic propose des services d\u2019interm\u00e9diation et de tourisme m\u00e9dical pour les personnes souhaitant b\u00e9n\u00e9ficier de soins dans des conditions id\u00e9ales. Les termes de la relation entre les personnes recevant des soins m\u00e9dicaux par l\u2019interm\u00e9diaire de Prof Clinic et Prof Clinic elle-m\u00eame, ainsi que les engagements des parties, sont r\u00e9gis par le pr\u00e9sent contrat. Toute personne souhaitant recevoir des soins m\u00e9dicaux de la part de Prof Clinic doit accepter les conditions de cet accord. En acceptant ce contrat, les patients candidats consentent formellement \u00e0 l\u2019application des termes de Prof Clinic Health Tourism durant leur traitement. Ceux qui refusent ces conditions ne seront pas autoris\u00e9s \u00e0 utiliser les services de Prof Clinic. Les termes et conditions sont les suivants :<\/p><h2>D\u00c9FINITIONS<\/h2><ul><li><strong>Prof Clinic :<\/strong> \u00c7OBAN\u00c7E\u015eME MAH. SANAY\u0130 CAD. NISH RESIDENCE A BLOK NO: 44 A \u0130\u00c7 KAPI NO: 023 BAH\u00c7EL\u0130EVLER\/ ISTANBUL<\/li><li><strong>Patient :<\/strong> Client de Prof Clinic recevant un traitement m\u00e9dical.<\/li><li><strong>M\u00e9decin :<\/strong> Expert m\u00e9dical charg\u00e9 de fournir les soins de sant\u00e9.<\/li><li><strong>Fournisseur de services :<\/strong> Soci\u00e9t\u00e9 qui dispense les soins m\u00e9dicaux.<\/li><\/ul><h2>CHAMP DES SERVICES \u00c0 FOURNIR ET RESPONSABILIT\u00c9 DE PROF CLINIC<\/h2><ul><li>Prof Clinic permet la consultation et\/ou la communication entre le patient et le m\u00e9decin. Des informations pr\u00e9liminaires sur les interventions demand\u00e9es sont fournies au patient par Prof Clinic, et si la proc\u00e9dure est approuv\u00e9e, des services d\u2019assistance tels que l\u2019h\u00e9bergement et le transport sont assur\u00e9s.<\/li><li>En vertu du contrat, Prof Clinic fournira une assistance concernant :<ul><li>Des informations d\u00e9taill\u00e9es sur le forfait du patient.<\/li><li>Des informations d\u00e9taill\u00e9es sur le co\u00fbt du forfait.<\/li><li>Des informations d\u00e9taill\u00e9es sur les exigences de visa et de passeport (\u00e9galement disponibles sur <a href=\"https:\/\/www.evisa.gov.tr\/en\/\" target=\"_blank\" rel=\"noopener\">https:\/\/www.evisa.gov.tr\/en\/<\/a>).<\/li><li>Les conditions sanitaires li\u00e9es \u00e0 l\u2019h\u00e9bergement et au transport.<\/li><li>Les dates et lieux des \u00e9tapes du voyage, ainsi que les correspondances.<\/li><li>Le nom, l\u2019adresse et les coordonn\u00e9es du m\u00e9decin, du prestataire de services ou d\u2019un repr\u00e9sentant local \u00e0 contacter en cas de besoin.<\/li><\/ul><\/li><li>Prof Clinic fonde toutes ses recommandations de traitement sur les donn\u00e9es (images, r\u00e9sultats d\u2019analyses, m\u00e9dicaments, radiographies, etc.) fournies par le patient et examin\u00e9es par Prof Clinic. Ces informations sont transmises par e-mail, t\u00e9l\u00e9phone ou en personne. Par cons\u00e9quent, le plan de traitement du patient peut \u00eatre modifi\u00e9 ou la clinique peut d\u00e9cider de ne pas administrer le traitement une fois le patient examin\u00e9 physiquement par le fournisseur de services avant le traitement. Le patient a la possibilit\u00e9 d\u2019interrompre le traitement propos\u00e9 ; dans certains cas, il sera rembours\u00e9 apr\u00e8s d\u00e9duction des frais d\u2019examens, de consultations et d\u2019autres co\u00fbts. Prof Clinic ne prend pas en charge les services fournis par des tiers (h\u00f4tels, transferts, etc.) et n\u2019est pas responsable du remboursement de ces co\u00fbts.<\/li><li>Si le patient choisit un nouveau plan de traitement, Prof Clinic fournira un devis r\u00e9vis\u00e9 tenant compte des d\u00e9penses suppl\u00e9mentaires (h\u00e9bergement, d\u00e9placement, etc.). Prof Clinic n\u2019est pas responsable des incoh\u00e9rences ou co\u00fbts suppl\u00e9mentaires d\u00e9coulant d\u2019un changement de plan.<\/li><li><strong>Clause de non-d\u00e9nigrement :<\/strong> Le patient s\u2019engage \u00e0 ne pas critiquer, attaquer ou d\u00e9nigrer publiquement Prof Clinic ou ses dirigeants, employ\u00e9s, fournisseurs ou administrateurs (y compris, mais sans s\u2019y limiter, via des commentaires n\u00e9gatifs en ligne ou sur les r\u00e9seaux sociaux). Le patient s\u2019engage \u00e0 ne rien faire qui puisse nuire \u00e0 la r\u00e9putation ou \u00e0 la cr\u00e9dibilit\u00e9 de Prof Clinic. En cas de violation, le patient devra supprimer imm\u00e9diatement le contenu nuisible et indemniser Prof Clinic pour tout pr\u00e9judice subi.<\/li><li>Prof Clinic agit uniquement comme interm\u00e9diaire et n\u2019exerce aucun contr\u00f4le op\u00e9rationnel ou administratif sur les services fournis par les prestataires, h\u00f4tels, agences de voyages ou soci\u00e9t\u00e9s de transfert. Le patient reconna\u00eet que Prof Clinic ne garantit pas les services de ces tiers et d\u00e9cline toute responsabilit\u00e9 pour les dommages r\u00e9sultant de ces services. Avant de r\u00e9server aupr\u00e8s de Prof Clinic, le patient accepte de lire et d\u2019accepter toutes les conditions des prestataires tiers.<\/li><li>Prof Clinic doit informer le patient en cas d\u2019annulation ou de modification de la r\u00e9servation. Le patient peut alors soit reporter le rendez-vous, soit annuler et \u00eatre rembours\u00e9 apr\u00e8s d\u00e9duction des frais applicables. Cependant, Prof Clinic n\u2019est pas responsable des co\u00fbts indirects r\u00e9sultant de telles modifications. En cas de force majeure (retards ou annulations de vol, guerre, catastrophes naturelles, \u00e9pid\u00e9mies, gr\u00e8ves, mesures l\u00e9gales, etc.), Prof Clinic ne pourra \u00eatre tenue responsable de tout dommage subi par le patient.<\/li><\/ul><h2>RESPONSABILIT\u00c9S DU PATIENT<\/h2><ul><li>Avant d\u2019accepter le contrat, le patient doit lire toutes les informations disponibles, y compris sur le site Web de Prof Clinic, poser toutes les questions n\u00e9cessaires et comprendre les conditions et cons\u00e9quences du contrat.<\/li><li>Le patient est responsable de la validit\u00e9 de son passeport, de l\u2019obtention des visas n\u00e9cessaires et de tout autre document exig\u00e9 pour le voyage, l\u2019h\u00e9bergement et le traitement m\u00e9dical.<\/li><li>En cas de non-respect des obligations, de fausses informations ou de vol manqu\u00e9, le patient assume l\u2019enti\u00e8re responsabilit\u00e9 des dommages ou frais suppl\u00e9mentaires. Prof Clinic ne sera pas tenue responsable dans ces situations.<\/li><li>Le patient s\u2019engage \u00e0 se renseigner sur les exigences m\u00e9dicales et vaccinations avant le d\u00e9part et \u00e0 consulter son m\u00e9decin g\u00e9n\u00e9raliste pour avis.<\/li><\/ul><h2>ANT\u00c9C\u00c9DENTS M\u00c9DICAUX ET DOSSIERS<\/h2><ul><li>Le patient doit transmettre \u00e0 Prof Clinic toutes les informations et documents m\u00e9dicaux n\u00e9cessaires (dossiers m\u00e9dicaux, analyses, prescriptions, radiographies, etc.) avant le d\u00e9but du traitement. Prof Clinic ne pourra \u00eatre tenue responsable des effets ind\u00e9sirables dus \u00e0 des donn\u00e9es manquantes ou incorrectes.<\/li><li>Le patient autorise Prof Clinic \u00e0 conserver son dossier m\u00e9dical (avant et apr\u00e8s traitement) exclusivement pour la prestation de services demand\u00e9e, sans le vendre ni le divulguer \u00e0 des tiers.<\/li><\/ul><h2>PAIEMENT<\/h2><ul><li>Prof Clinic d\u00e9finit les services \u00e0 fournir selon le plan de traitement choisi par le patient et transmet les conditions et co\u00fbts dans un document s\u00e9par\u00e9.<\/li><li>Des frais suppl\u00e9mentaires s\u2019appliquent aux examens ou hospitalisations prolong\u00e9es non pr\u00e9vus initialement.<\/li><li>Le patient verse un acompte pour confirmer sa r\u00e9servation, puis r\u00e8gle le solde avant de quitter le pays. En cas de non-paiement, Prof Clinic n\u2019est pas tenue de fournir les services.<\/li><\/ul><h2>ANNULATIONS<\/h2><ul><li>Le patient doit envoyer une demande \u00e9crite d\u2019annulation \u00e0 Prof Clinic. Les frais retenus d\u00e9pendent de la date de r\u00e9ception de la demande. L\u2019acompte vers\u00e9 sera conserv\u00e9 comme frais de r\u00e9servation, et un rapport d\u00e9taill\u00e9 sera fourni au patient.<\/li><\/ul><h2>PROTECTION DES DONN\u00c9ES PERSONNELLES ET CONFIDENTIALIT\u00c9<\/h2><ul><li>Les donn\u00e9es personnelles et m\u00e9dicales du patient sont conserv\u00e9es par Prof Clinic dans des conditions de s\u00e9curit\u00e9 maximales et ne sont ni vendues, ni lou\u00e9es, ni partag\u00e9es.<\/li><li>Prof Clinic respecte les lois turques sur la protection des donn\u00e9es et peut utiliser certaines informations pour am\u00e9liorer ses services, son site Web, et suivre les r\u00e9sultats des traitements.<\/li><\/ul><h2>LOI APPLICABLE ET JURIDICTION<\/h2><ul><li>Le pr\u00e9sent contrat est r\u00e9gi par la loi turque, et seuls les tribunaux turcs sont comp\u00e9tents pour trancher tout litige.<\/li><\/ul><h2>ACCEPTATION<\/h2><ul><li>Tout patient entrant en contact avec Prof Clinic est r\u00e9put\u00e9 avoir lu et accept\u00e9 le pr\u00e9sent contrat.<\/li><\/ul>\t\t\t\t\t\t\t\t<\/div>\n\t\t\t\t<\/div>\n\t\t\t\t<\/div>\n\t\t\t\t\t<\/div>\n\t\t\t\t<\/div>\n\t\t\t\t<\/div>\n\t\t","protected":false},"excerpt":{"rendered":"<p>Accueil Conditions g\u00e9n\u00e9rales INTRODUCTION Prof Clinic propose des services d\u2019interm\u00e9diation et de tourisme m\u00e9dical pour les personnes souhaitant b\u00e9n\u00e9ficier de soins dans des conditions id\u00e9ales. Les termes de la relation entre les personnes recevant des soins m\u00e9dicaux par l\u2019interm\u00e9diaire de Prof Clinic et Prof Clinic elle-m\u00eame, ainsi que les engagements des parties, sont r\u00e9gis par [&hellip;]<\/p>\n","protected":false},"author":1,"featured_media":0,"parent":0,"menu_order":0,"comment_status":"closed","ping_status":"closed","template":"","meta":{"footnotes":""},"class_list":["post-9121","page","type-page","status-publish","hentry"],"_links":{"self":[{"href":"https:\/\/clinicprof.com\/fr\/wp-json\/wp\/v2\/pages\/9121","targetHints":{"allow":["GET"]}}],"collection":[{"href":"https:\/\/clinicprof.com\/fr\/wp-json\/wp\/v2\/pages"}],"about":[{"href":"https:\/\/clinicprof.com\/fr\/wp-json\/wp\/v2\/types\/page"}],"author":[{"embeddable":true,"href":"https:\/\/clinicprof.com\/fr\/wp-json\/wp\/v2\/users\/1"}],"replies":[{"embeddable":true,"href":"https:\/\/clinicprof.com\/fr\/wp-json\/wp\/v2\/comments?post=9121"}],"version-history":[{"count":0,"href":"https:\/\/clinicprof.com\/fr\/wp-json\/wp\/v2\/pages\/9121\/revisions"}],"wp:attachment":[{"href":"https:\/\/clinicprof.com\/fr\/wp-json\/wp\/v2\/media?parent=9121"}],"curies":[{"name":"wp","href":"https:\/\/api.w.org\/{rel}","templated":true}]}}