{"id":9134,"date":"2025-10-07T03:59:57","date_gmt":"2025-10-07T03:59:57","guid":{"rendered":"https:\/\/clinicprof.com\/privacy-policy\/"},"modified":"2025-11-02T20:08:11","modified_gmt":"2025-11-02T20:08:11","slug":"privacy-policy","status":"publish","type":"page","link":"https:\/\/clinicprof.com\/es\/privacy-policy\/","title":{"rendered":"pol\u00edtica de privacidad"},"content":{"rendered":"\t\t<div data-elementor-type=\"wp-page\" data-elementor-id=\"9134\" class=\"elementor elementor-9134 elementor-9089\" data-elementor-post-type=\"page\">\n\t\t\t\t<div class=\"elementor-element elementor-element-ef9b714 e-flex e-con-boxed e-con e-parent\" data-id=\"ef9b714\" data-element_type=\"container\" data-e-type=\"container\" data-settings=\"{&quot;jet_parallax_layout_list&quot;:[]}\">\n\t\t\t\t\t<div class=\"e-con-inner\">\n\t\t\t\t<div class=\"elementor-element elementor-element-4930cec elementor-icon-list--layout-inline elementor-list-item-link-full_width elementor-widget elementor-widget-icon-list\" data-id=\"4930cec\" data-element_type=\"widget\" data-e-type=\"widget\" data-widget_type=\"icon-list.default\">\n\t\t\t\t\t\t\t<ul class=\"elementor-icon-list-items elementor-inline-items\">\n\t\t\t\t\t\t\t<li class=\"elementor-icon-list-item elementor-inline-item\">\n\t\t\t\t\t\t\t\t\t\t\t<a href=\"https:\/\/clinicprof.com\/es\/\">\n\n\t\t\t\t\t\t\t\t\t\t\t<span class=\"elementor-icon-list-text\">Inicio<\/span>\n\t\t\t\t\t\t\t\t\t\t\t<\/a>\n\t\t\t\t\t\t\t\t\t<\/li>\n\t\t\t\t\t\t\t\t<li class=\"elementor-icon-list-item elementor-inline-item\">\n\t\t\t\t\t\t\t\t\t\t\t<span class=\"elementor-icon-list-icon\">\n\t\t\t\t\t\t\t<svg aria-hidden=\"true\" class=\"e-font-icon-svg e-fas-angle-right\" viewBox=\"0 0 256 512\" xmlns=\"http:\/\/www.w3.org\/2000\/svg\"><path d=\"M224.3 273l-136 136c-9.4 9.4-24.6 9.4-33.9 0l-22.6-22.6c-9.4-9.4-9.4-24.6 0-33.9l96.4-96.4-96.4-96.4c-9.4-9.4-9.4-24.6 0-33.9L54.3 103c9.4-9.4 24.6-9.4 33.9 0l136 136c9.5 9.4 9.5 24.6.1 34z\"><\/path><\/svg>\t\t\t\t\t\t<\/span>\n\t\t\t\t\t\t\t\t\t\t<span class=\"elementor-icon-list-text\"><\/span>\n\t\t\t\t\t\t\t\t\t<\/li>\n\t\t\t\t\t\t\t\t<li class=\"elementor-icon-list-item elementor-inline-item\">\n\t\t\t\t\t\t\t\t\t\t<span class=\"elementor-icon-list-text\"><\/span>\n\t\t\t\t\t\t\t\t\t<\/li>\n\t\t\t\t\t\t<\/ul>\n\t\t\t\t\t\t<\/div>\n\t\t<div class=\"elementor-element elementor-element-2d4c6b1 e-con-full e-flex e-con e-child\" data-id=\"2d4c6b1\" data-element_type=\"container\" data-e-type=\"container\" data-settings=\"{&quot;jet_parallax_layout_list&quot;:[]}\">\n\t\t<div class=\"elementor-element elementor-element-bde9e93 e-con-full e-flex e-con e-child\" data-id=\"bde9e93\" data-element_type=\"container\" data-e-type=\"container\" data-settings=\"{&quot;background_background&quot;:&quot;classic&quot;,&quot;jet_parallax_layout_list&quot;:[]}\">\n\t\t\t\t<div class=\"elementor-element elementor-element-03e048c span-in-heading elementor-widget elementor-widget-heading\" data-id=\"03e048c\" data-element_type=\"widget\" data-e-type=\"widget\" data-widget_type=\"heading.default\">\n\t\t\t\t\t<h2 class=\"elementor-heading-title elementor-size-default\">pol\u00edtica de \n<span>privacidad<\/span><\/h2>\t\t\t\t<\/div>\n\t\t\t\t<div class=\"elementor-element elementor-element-64aae3b elementor-widget-divider--view-line elementor-widget elementor-widget-divider\" data-id=\"64aae3b\" data-element_type=\"widget\" data-e-type=\"widget\" data-widget_type=\"divider.default\">\n\t\t\t\t\t\t\t<div class=\"elementor-divider\">\n\t\t\t<span class=\"elementor-divider-separator\">\n\t\t\t\t\t\t<\/span>\n\t\t<\/div>\n\t\t\t\t\t\t<\/div>\n\t\t\t\t<div class=\"elementor-element elementor-element-690e787 elementor-widget elementor-widget-text-editor\" data-id=\"690e787\" data-element_type=\"widget\" data-e-type=\"widget\" data-widget_type=\"text-editor.default\">\n\t\t\t\t\t\t\t\t\t<h2>INTRODUCCI\u00d3N<\/h2> En **Prof-Clinic**, nuestra filosof\u00eda es \u201cEl cliente primero\u201d. Cada decisi\u00f3n que tomamos se basa en ese principio fundamental, incluyendo c\u00f3mo recopilamos, mantenemos y utilizamos su informaci\u00f3n personal. Queremos que se registre con confianza, estando informado(a) y empoderado(a) con respecto a su privacidad personal. <h2>Est\u00e9 seguro:<\/h2> <ul> <li>No recopilaremos informaci\u00f3n personal sin su conocimiento o consentimiento.<\/li> <li>No divulgaremos conscientemente su informaci\u00f3n personal a terceros, excepto en los casos previstos en esta pol\u00edtica de privacidad.<\/li> <li>Le permitiremos revisar y corregir su informaci\u00f3n personal.<\/li> <li>Tomaremos todas las medidas razonables para proteger la seguridad de cualquier informaci\u00f3n personal que nos proporcione.<\/li> <li>Le notificaremos si alguna vez sospechamos que la privacidad de su informaci\u00f3n personal podr\u00eda haberse visto comprometida.<\/li> <\/ul>\n\nSu privacidad y confidencialidad son una prioridad para nosotros; por ello, hemos establecido esta pol\u00edtica con el fin de alcanzar los m\u00e1s altos est\u00e1ndares de seguridad y confidencialidad, para que se sienta seguro(a) y confiado(a).\nAl enviarnos su informaci\u00f3n, podremos ofrecerle mejores servicios, brindarle consultas gratuitas y mantenerlo(a) actualizado(a) con nuestras ofertas. Al hacerlo, usted deposita su confianza en nosotros. Esta pol\u00edtica de privacidad tiene como objetivo ayudarle a entender por qu\u00e9 recopilamos sus datos y qu\u00e9 hacemos con ellos. Esto es tan importante para usted como para nosotros; esperamos que se tome el tiempo de leerla detenidamente. Queremos que tenga claridad sobre c\u00f3mo usamos la informaci\u00f3n y asegurarnos de proteger su privacidad.\n\n<h2>Nuestra Pol\u00edtica de Privacidad explica:<\/h2> <h3>Navegaci\u00f3n:<\/h3> Este sitio web no fue creado para recopilar datos privados desde su dispositivo personal, y toda su informaci\u00f3n ser\u00e1 utilizada \u00fanicamente con su conocimiento y aprobaci\u00f3n. <h3>Su direcci\u00f3n IP:<\/h3> Al navegar por cualquier sitio web, incluido el nuestro, el servidor anfitri\u00f3n guardar\u00e1 su direcci\u00f3n IP, la fecha y hora de navegaci\u00f3n, su navegador y la URL del sitio web que lo dirigi\u00f3 al sitio de Prof-Clinic. <h3>An\u00e1lisis de datos:<\/h3> Realizamos ciertos procedimientos de an\u00e1lisis de datos a trav\u00e9s de nuestro sitio para poder evaluar y mejorar nuestros servicios. Su opini\u00f3n siempre es importante, y recuerde que siempre es libre de no proporcionar datos personales cuando nos env\u00ede sus comentarios. <h3>Privacidad de los datos:<\/h3> Sus datos personales estar\u00e1n siempre en buenas manos. Trabajamos arduamente para proteger a nuestros usuarios contra accesos no autorizados o alteraciones indebidas de sus datos, incluyendo su nombre, informaci\u00f3n de contacto y fotograf\u00edas. <h3>Datos necesarios para procesar sus solicitudes:<\/h3> Cuando necesitemos sus datos personales, se los solicitaremos expresamente, como la informaci\u00f3n necesaria para contactarlo(a) y procesar sus solicitudes. Le aseguramos que nunca venderemos sus datos a terceros con fines de marketing sin su consentimiento previo por escrito, a menos que se trate de informaci\u00f3n no identificable de forma individual, que podr\u00eda ser utilizada con fines estad\u00edsticos o de investigaci\u00f3n. <h3>Su informaci\u00f3n de contacto:<\/h3> Su informaci\u00f3n ser\u00e1 tratada como privada. Las solicitudes que env\u00ede a trav\u00e9s de nuestro sitio nos ayudan a mejorar y a dirigir mejor nuestros servicios. La informaci\u00f3n que proporcione ser\u00e1 utilizada para ofrecerle una consulta gratuita, responder a sus preguntas o inquietudes y procesar sus solicitudes en este sitio o en cualquiera de sus subsitios. <h3>Protecci\u00f3n de la informaci\u00f3n:<\/h3> No vendemos ni comercializamos sus datos personales a terceros, a menos que lo requiera la ley. <h2>PROTECCI\u00d3N DE DATOS PERSONALES \u2014 DECLARACI\u00d3N Y CONSENTIMIENTO<\/h2> <h3>Protecci\u00f3n de los datos personales<\/h3> De acuerdo con la Ley N.\u00ba 6698 de Protecci\u00f3n de Datos Personales (\u201cKVKK\u201d), toda informaci\u00f3n que permita identificar o hacer identificable a una persona real se considera dato personal. Queremos informarle sobre los prop\u00f3sitos del tratamiento de sus datos personales en **Prof-Clinic Sa\u011fl\u0131k Turizmi Ltd. \u015eti**, las razones legales, los m\u00e9todos de recopilaci\u00f3n, las posibles transferencias y sus derechos conforme a dicha ley. <h3>M\u00e9todos de recopilaci\u00f3n y base legal<\/h3> En calidad de responsable del tratamiento, Prof-Clinic recopila sus datos personales mediante diferentes canales: sitio web, aplicaciones m\u00f3viles, centro de llamadas, tiendas, redes sociales, canales de comunicaci\u00f3n directos o f\u00edsicos. A trav\u00e9s de estos medios, sus datos personales son recopilados por m\u00e9todos verbales, escritos o electr\u00f3nicos conforme a la legislaci\u00f3n aplicable, los contratos, las solicitudes y las normas de buena fe, con el fin de ofrecerle servicios de calidad y llevar a cabo nuestras actividades comerciales.\n\nEn este contexto, sus datos personales y de salud pueden ser recopilados por Prof-Clinic o por personas f\u00edsicas o jur\u00eddicas que procesen datos en su nombre, a trav\u00e9s de los siguientes m\u00e9todos:\n\n<ul> <li>Formulario de membres\u00eda completado de forma electr\u00f3nica o f\u00edsica,<\/li> <li>Redes sociales que permiten iniciar sesi\u00f3n en nuestros sitios,<\/li> <li>Formularios de contacto completados en nuestros sitios o en sitios de terceros,<\/li> <li>Aplicaciones de compra en l\u00ednea, cookies utilizadas para identificarlo(a),<\/li> <li>Nuestras aplicaciones m\u00f3viles, correos electr\u00f3nicos, solicitudes, contratos y comunicaciones enviadas a nuestra empresa,<\/li> <li>Empresas externas que procesan datos en nombre de nuestra compa\u00f1\u00eda,<\/li> <li>Nuestros servicios de atenci\u00f3n al cliente, marketing digital y centro de llamadas,<\/li> <li>Uso de motores de b\u00fasqueda (Google, etc.), campa\u00f1as, formularios, ofertas y redes de servicio.<\/li> <\/ul>\n\nLos datos requeridos para la ejecuci\u00f3n de un contrato se procesar\u00e1n sin necesidad de consentimiento expl\u00edcito, en virtud de la excepci\u00f3n del art\u00edculo 5\/2(c) de la Ley. Todos los dem\u00e1s datos personales se procesar\u00e1n \u00fanicamente con su consentimiento expl\u00edcito.\n\n<h3>Tratamiento y finalidades del tratamiento<\/h3> Prof-Clinic puede recopilar, registrar, almacenar, actualizar, clasificar y compartir sus datos personales de acuerdo con la Ley KVKK. Estos datos pueden utilizarse para: <ul> <li>Permitir a los clientes beneficiarse de los servicios de nuestras marcas,<\/li> <li>Desarrollar estrategias comerciales y de marketing,<\/li> <li>Informarle sobre nuestras campa\u00f1as,<\/li> <li>Registrar sus sugerencias y quejas,<\/li> <li>Proporcionar servicios personalizados,<\/li> <li>Gestionar nuestras actividades de publicidad y promoci\u00f3n,<\/li> <li>Mejorar los est\u00e1ndares de servicio y la experiencia del cliente.<\/li> <\/ul> <h3>Transferencia de datos personales a terceros y al extranjero<\/h3> Prof-Clinic, garantizando las medidas de seguridad y confidencialidad previstas por la Ley KVKK, podr\u00e1 compartir sus datos personales: <ul> <li>Con empresas del grupo, socios comerciales y proveedores de servicios,<\/li> <li>Con servidores ubicados en Turqu\u00eda o en el extranjero,<\/li> <li>Con empresas que procesan datos en su nombre (satisfacci\u00f3n del cliente, an\u00e1lisis, perfiles),<\/li> <li>Con instituciones p\u00fablicas o autoridades legalmente facultadas para solicitar dichos datos.<\/li> <\/ul> <h3>Derechos del titular de los datos (Art\u00edculo 11 de la Ley)<\/h3> Prof-Clinic responder\u00e1 a las siguientes solicitudes de los interesados: <ul> <li>Conocer si se procesan sus datos personales y cu\u00e1les,<\/li> <li>Obtener informaci\u00f3n sobre la finalidad del procesamiento,<\/li> <li>Conocer los terceros a los que se transfieren los datos, dentro o fuera del pa\u00eds,<\/li> <li>Solicitar la correcci\u00f3n de datos incompletos o incorrectos,<\/li> <li>Solicitar la eliminaci\u00f3n o destrucci\u00f3n de los datos conforme a la ley,<\/li> <li>Solicitar que las correcciones o eliminaciones se comuniquen a los terceros que recibieron los datos,<\/li> <li>Oponerse a decisiones basadas exclusivamente en procesos automatizados,<\/li> <li>Solicitar una copia de sus datos personales.<\/li> <\/ul> <h2>Cont\u00e1ctenos:<\/h2> Puede comunicarse con nosotros en cualquier momento: <ul> <li>Por tel\u00e9fono o WhatsApp: <strong>+90 542 150 22 22<\/strong><\/li> <li>Por correo electr\u00f3nico: <strong>info@clinicprof.com<\/strong><\/li> <\/ul>\n\nNuestra principal prioridad es mantener su informaci\u00f3n personal privada, segura y bajo su control.\t\t\t\t\t\t\t\t<\/div>\n\t\t\t\t<\/div>\n\t\t\t\t<\/div>\n\t\t\t\t\t<\/div>\n\t\t\t\t<\/div>\n\t\t\t\t<\/div>\n\t\t","protected":false},"excerpt":{"rendered":"<p>Inicio pol\u00edtica de privacidad INTRODUCCI\u00d3N En **Prof-Clinic**, nuestra filosof\u00eda es \u201cEl cliente primero\u201d. Cada decisi\u00f3n que tomamos se basa en ese principio fundamental, incluyendo c\u00f3mo recopilamos, mantenemos y utilizamos su informaci\u00f3n personal. Queremos que se registre con confianza, estando informado(a) y empoderado(a) con respecto a su privacidad personal. Est\u00e9 seguro: No recopilaremos informaci\u00f3n personal sin [&hellip;]<\/p>\n","protected":false},"author":1,"featured_media":0,"parent":0,"menu_order":0,"comment_status":"closed","ping_status":"closed","template":"","meta":{"footnotes":""},"class_list":["post-9134","page","type-page","status-publish","hentry"],"_links":{"self":[{"href":"https:\/\/clinicprof.com\/es\/wp-json\/wp\/v2\/pages\/9134","targetHints":{"allow":["GET"]}}],"collection":[{"href":"https:\/\/clinicprof.com\/es\/wp-json\/wp\/v2\/pages"}],"about":[{"href":"https:\/\/clinicprof.com\/es\/wp-json\/wp\/v2\/types\/page"}],"author":[{"embeddable":true,"href":"https:\/\/clinicprof.com\/es\/wp-json\/wp\/v2\/users\/1"}],"replies":[{"embeddable":true,"href":"https:\/\/clinicprof.com\/es\/wp-json\/wp\/v2\/comments?post=9134"}],"version-history":[{"count":0,"href":"https:\/\/clinicprof.com\/es\/wp-json\/wp\/v2\/pages\/9134\/revisions"}],"wp:attachment":[{"href":"https:\/\/clinicprof.com\/es\/wp-json\/wp\/v2\/media?parent=9134"}],"curies":[{"name":"wp","href":"https:\/\/api.w.org\/{rel}","templated":true}]}}